{"id":4590,"date":"2024-04-22T10:03:38","date_gmt":"2024-04-22T08:03:38","guid":{"rendered":"https:\/\/www.herbaplastic.ch\/services\/"},"modified":"2024-12-05T11:33:40","modified_gmt":"2024-12-05T10:33:40","slug":"services","status":"publish","type":"page","link":"https:\/\/www.herbaplastic.ch\/fr\/services\/","title":{"rendered":"Services"},"content":{"rendered":"<div class=\"wpb-content-wrapper\"><p>[vc_row full_width=\u00a0\u00bbstretch_row_content_no_spaces\u00a0\u00bb conditional_render=\u00a0\u00bb%5B%7B%22value_role%22%3A%22administrator%22%7D%5D\u00a0\u00bb css_params=\u00a0\u00bb\u00a0\u00bb css=\u00a0\u00bb.vc_custom_1733210689770{margin-top: -5px !important;}\u00a0\u00bb][vc_column][vc_single_image image=\u00a0\u00bb4813&Prime; img_size=\u00a0\u00bbfull\u00a0\u00bb css=\u00a0\u00bb\u00a0\u00bb css_params=\u00a0\u00bb\u00a0\u00bb][\/vc_column][\/vc_row][vc_row css=\u00a0\u00bb.vc_custom_1733157389553{padding-left: 25px !important;}\u00a0\u00bb conditional_render=\u00a0\u00bb%5B%7B%22value_role%22%3A%22administrator%22%7D%5D\u00a0\u00bb css_params=\u00a0\u00bb\u00a0\u00bb][vc_column][vc_custom_heading text=\u00a0\u00bbNos prestations\u00a0\u00bb font_container=\u00a0\u00bbtag:h1|text_align:left\u00a0\u00bb use_theme_fonts=\u00a0\u00bbyes\u00a0\u00bb css=\u00a0\u00bb\u00a0\u00bb css_params=\u00a0\u00bb\u00a0\u00bb][\/vc_column][\/vc_row][vc_row full_width=\u00a0\u00bbstretch_row\u00a0\u00bb conditional_render=\u00a0\u00bb%5B%7B%22value_role%22%3A%22administrator%22%7D%5D\u00a0\u00bb css=\u00a0\u00bb.vc_custom_1733157617249{padding-left: 50px !important;}\u00a0\u00bb css_params=\u00a0\u00bb\u00a0\u00bb][vc_column css=\u00a0\u00bb.vc_custom_1558615178788{margin-top: 25px !important;}\u00a0\u00bb][vc_column_text css=\u00a0\u00bb\u00a0\u00bb css_params=\u00a0\u00bb\u00a0\u00bb]<\/p>\n<p style=\"text-align: left;\">\u00ab\u00a0Nous offrons \u00e0 nos clients un service de d\u00e9veloppement complet bas\u00e9 sur notre longue exp\u00e9rience. \u00ab\u00a0<\/p>\n<p>&nbsp;<br \/>\n[\/vc_column_text][\/vc_column][\/vc_row][vc_row full_width=\u00a0\u00bbstretch_row\u00a0\u00bb wrap_container=\u00a0\u00bbyes\u00a0\u00bb conditional_render=\u00a0\u00bb%5B%7B%22value_role%22%3A%22administrator%22%7D%5D\u00a0\u00bb css=\u00a0\u00bb.vc_custom_1733157634495{padding-left: 50px !important;}\u00a0\u00bb css_params=\u00a0\u00bb\u00a0\u00bb][vc_column][vc_row_inner][vc_column_inner width=\u00a0\u00bb1\/4&Prime;][vc_column_text css=\u00a0\u00bb.vc_custom_1706698708892{margin-top: -25px !important;}\u00a0\u00bb]<\/p>\n<ul class=\"list list-icons m-t-lg\">\n<li>\n<h5 style=\"text-align: left;\"><i class=\"fa fa-check\"><\/i>Analyse, conseil, d\u00e9veloppement<\/h5>\n<\/li>\n<li style=\"text-align: left;\">\n<h5><i class=\"fa fa-check\"><\/i>Conception &amp; recherche de solutions<\/h5>\n<\/li>\n<li>\n<h5 style=\"text-align: left;\"><i class=\"fa fa-check\"><\/i>Construction CAO 2D &amp; 3D<\/h5>\n<\/li>\n<\/ul>\n<p>&nbsp;<br \/>\n[\/vc_column_text][\/vc_column_inner][vc_column_inner width=\u00a0\u00bb1\/4&Prime;][vc_column_text css=\u00a0\u00bb.vc_custom_1706698834881{margin-top: -25px !important;}\u00a0\u00bb]<\/p>\n<ul class=\"list list-icons m-t-lg\">\n<li>\n<h5 style=\"text-align: left;\"><i class=\"fa fa-check\"><\/i>Prototyping &amp; 3D Modeling<\/h5>\n<\/li>\n<li style=\"text-align: left;\">\n<h5><i class=\"fa fa-check\"><\/i>Construction des outillages dans notre atelier<\/h5>\n<\/li>\n<li>\n<h5 style=\"text-align: left;\"><i class=\"fa fa-check\"><\/i>Entrep\u00f4ts de stockage<\/h5>\n<\/li>\n<\/ul>\n<p>&nbsp;<br \/>\n[\/vc_column_text][\/vc_column_inner][vc_column_inner width=\u00a0\u00bb1\/4&Prime;][vc_column_text css=\u00a0\u00bb.vc_custom_1706698858821{margin-top: -25px !important;}\u00a0\u00bb]<\/p>\n<ul class=\"list list-icons m-t-lg\">\n<li>\n<h5 style=\"text-align: left;\"><i class=\"fa fa-check\"><\/i>Fa\u00e7onnage sur mesure<\/h5>\n<\/li>\n<li style=\"text-align: left;\">\n<h5><i class=\"fa fa-check\"><\/i>Service logistique adapt\u00e9 \u00e0 l\u2019envoi par unit\u00e9<\/h5>\n<\/li>\n<li>\n<h5 style=\"text-align: left;\">Notre devise: un seul partenaire au service de notre client\u00e8le!<\/h5>\n<\/li>\n<\/ul>\n<p>&nbsp;<br \/>\n[\/vc_column_text][\/vc_column_inner][vc_column_inner width=\u00a0\u00bb1\/4&Prime;][\/vc_column_inner][\/vc_row_inner][\/vc_column][\/vc_row][vc_row wrap_container=\u00a0\u00bbyes\u00a0\u00bb equal_height=\u00a0\u00bbyes\u00a0\u00bb content_placement=\u00a0\u00bbtop\u00a0\u00bb text_align=\u00a0\u00bbleft\u00a0\u00bb css=\u00a0\u00bb.vc_custom_1733212433182{margin-top: 35px !important;padding-left: 50px !important;}\u00a0\u00bb conditional_render=\u00a0\u00bb%5B%7B%22value_role%22%3A%22administrator%22%7D%5D\u00a0\u00bb css_params=\u00a0\u00bb\u00a0\u00bb][vc_column width=\u00a0\u00bb1\/4&Prime;][vc_single_image image=\u00a0\u00bb2508&Prime; img_size=\u00a0\u00bbmedium\u00a0\u00bb style=\u00a0\u00bbvc_box_outline\u00a0\u00bb css=\u00a0\u00bb\u00a0\u00bb css_params=\u00a0\u00bb\u00a0\u00bb][\/vc_column][vc_column width=\u00a0\u00bb1\/2&Prime;]<div class=\"porto-sicon-box  wpb_custom_1efe903570d178ff0a9b7bfa5febd3a4 style_2 left-icon\"><div class=\"porto-sicon-left\"><div class=\"porto-just-icon-wrapper porto-icon none\" style=\"color:#dd9933;font-size:28px;\"><i class=\"Simple-Line-Icons-puzzle\"><\/i><\/div><\/div><div class=\"porto-sicon-body\"><div class=\"porto-sicon-header\"><a class=\"porto-sicon-box-link\" href=\"\/Prototyping&#038;Design\"><h3 class=\"porto-sicon-title\" style=\"\">Prototyping &amp; Design<\/h3><\/a><p>de l\u2019id\u00e9e au produit<\/p><\/div> <!-- header --><div class=\"porto-sicon-description\" style=\"\">C\u2019est dans notre Centre de comp\u00e9tences Innovation &amp; March\u00e9 (CIM) que nous cr\u00e9ons des projets sur la base des souhaits de nos clients ou des innovations internes.<br \/>\nDes CreaTeams \u00e9tudient ces projets, en \u00e9laborent des prototypes et r\u00e9alisent de nouveaux produits adapt\u00e9s au march\u00e9. Nous apportons un soin particulier au design et n\u2019h\u00e9sitons pas \u00e0 faire appel \u00e0 des concepteurs, graphistes et artistes pour proposer des produits de qualit\u00e9 alliant technique et esth\u00e9tique.<\/div> <!-- description --><\/div><\/div><!-- porto-sicon-box -->[\/vc_column][vc_column width=\u00a0\u00bb1\/4&Prime;][\/vc_column][\/vc_row][vc_row wrap_container=\u00a0\u00bbyes\u00a0\u00bb equal_height=\u00a0\u00bbyes\u00a0\u00bb content_placement=\u00a0\u00bbtop\u00a0\u00bb conditional_render=\u00a0\u00bb%5B%7B%22value_role%22%3A%22administrator%22%7D%5D\u00a0\u00bb css=\u00a0\u00bb.vc_custom_1733212466131{padding-left: 50px !important;}\u00a0\u00bb css_params=\u00a0\u00bb\u00a0\u00bb][vc_column width=\u00a0\u00bb1\/4&Prime;][vc_single_image image=\u00a0\u00bb2512&Prime; img_size=\u00a0\u00bbmedium\u00a0\u00bb style=\u00a0\u00bbvc_box_outline\u00a0\u00bb css=\u00a0\u00bb\u00a0\u00bb css_params=\u00a0\u00bb\u00a0\u00bb][\/vc_column][vc_column width=\u00a0\u00bb1\/2&Prime;]<div class=\"porto-sicon-box  wpb_custom_1efe903570d178ff0a9b7bfa5febd3a4 style_2 left-icon\"><div class=\"porto-sicon-left\"><div class=\"porto-just-icon-wrapper porto-icon none\" style=\"color:#dd9933;font-size:28px;\"><i class=\"Simple-Line-Icons-people\"><\/i><\/div><\/div><div class=\"porto-sicon-body\"><div class=\"porto-sicon-header\"><h3 class=\"porto-sicon-title\" style=\"\">CreaTeam<\/h3><p>Nous cherchons et trouvons les solutions<\/p><\/div> <!-- header --><div class=\"porto-sicon-description\" style=\"\">Notre CreaTeam structure les recherches, argumente, rejette, d\u00e9veloppe.<br \/>\nA la base de l\u2019innovation il y a des besoins, des souhaits et des id\u00e9es.<br \/>\nForm follows function: d\u00e9finition des mati\u00e8res, des couleurs, des techniques de r\u00e9alisation.<\/div> <!-- description --><\/div><\/div><!-- porto-sicon-box -->[\/vc_column][vc_column width=\u00a0\u00bb1\/4&Prime;][\/vc_column][\/vc_row][vc_row content_placement=\u00a0\u00bbtop\u00a0\u00bb css=\u00a0\u00bb.vc_custom_1733212371110{padding-left: 50px !important;}\u00a0\u00bb conditional_render=\u00a0\u00bb%5B%7B%22value_role%22%3A%22administrator%22%7D%5D\u00a0\u00bb css_params=\u00a0\u00bb\u00a0\u00bb][vc_column width=\u00a0\u00bb1\/4&Prime;][vc_single_image image=\u00a0\u00bb2510&Prime; img_size=\u00a0\u00bbmedium\u00a0\u00bb style=\u00a0\u00bbvc_box_outline\u00a0\u00bb css=\u00a0\u00bb\u00a0\u00bb css_params=\u00a0\u00bb\u00a0\u00bb][\/vc_column][vc_column width=\u00a0\u00bb1\/2&Prime;]<div class=\"porto-sicon-box  wpb_custom_1efe903570d178ff0a9b7bfa5febd3a4 style_2 left-icon\"><div class=\"porto-sicon-left\"><div class=\"porto-just-icon-wrapper porto-icon none\" style=\"color:#dd9933;font-size:28px;\"><i class=\"Simple-Line-Icons-loop\"><\/i><\/div><\/div><div class=\"porto-sicon-body\"><div class=\"porto-sicon-header\"><h3 class=\"porto-sicon-title\" style=\"\">Construction &amp; d\u00e9veloppement produit<\/h3><p>Pr\u00e9cision pour la gestion de la production<\/p><\/div> <!-- header --><div class=\"porto-sicon-description\" style=\"\">Les souhaits et les id\u00e9es de nos clients, esquiss\u00e9s et dessin\u00e9s en trois dimensions gr\u00e2ce \u00e0 notre CAO de derni\u00e8re g\u00e9n\u00e9ration, prennent forme gr\u00e2ce \u00e0 des technologies \u00e9prouv\u00e9es.<\/div> <!-- description --><\/div><\/div><!-- porto-sicon-box -->[\/vc_column][vc_column width=\u00a0\u00bb1\/4&Prime;][\/vc_column][\/vc_row]<\/p>\n<\/div>","protected":false},"excerpt":{"rendered":"<p>[vc_row full_width=\u00a0\u00bbstretch_row_content_no_spaces\u00a0\u00bb conditional_render=\u00a0\u00bb%5B%7B%22value_role%22%3A%22administrator%22%7D%5D\u00a0\u00bb css_params=\u00a0\u00bb\u00a0\u00bb css=\u00a0\u00bb.vc_custom_1733210689770{margin-top: -5px !important;}\u00a0\u00bb][vc_column][vc_single_image image=\u00a0\u00bb4813&Prime; img_size=\u00a0\u00bbfull\u00a0\u00bb css=\u00a0\u00bb\u00a0\u00bb css_params=\u00a0\u00bb\u00a0\u00bb][\/vc_column][\/vc_row][vc_row css=\u00a0\u00bb.vc_custom_1733157389553{padding-left: 25px !important;}\u00a0\u00bb conditional_render=\u00a0\u00bb%5B%7B%22value_role%22%3A%22administrator%22%7D%5D\u00a0\u00bb css_params=\u00a0\u00bb\u00a0\u00bb][vc_column][vc_custom_heading text=\u00a0\u00bbNos prestations\u00a0\u00bb font_container=\u00a0\u00bbtag:h1|text_align:left\u00a0\u00bb use_theme_fonts=\u00a0\u00bbyes\u00a0\u00bb css=\u00a0\u00bb\u00a0\u00bb css_params=\u00a0\u00bb\u00a0\u00bb][\/vc_column][\/vc_row][vc_row full_width=\u00a0\u00bbstretch_row\u00a0\u00bb conditional_render=\u00a0\u00bb%5B%7B%22value_role%22%3A%22administrator%22%7D%5D\u00a0\u00bb css=\u00a0\u00bb.vc_custom_1733157617249{padding-left: 50px !important;}\u00a0\u00bb css_params=\u00a0\u00bb\u00a0\u00bb][vc_column css=\u00a0\u00bb.vc_custom_1558615178788{margin-top: 25px !important;}\u00a0\u00bb][vc_column_text css=\u00a0\u00bb\u00a0\u00bb css_params=\u00a0\u00bb\u00a0\u00bb] \u00ab\u00a0Nous offrons \u00e0 nos clients un service de d\u00e9veloppement complet bas\u00e9 sur notre longue exp\u00e9rience. \u00ab\u00a0 &nbsp; [\/vc_column_text][\/vc_column][\/vc_row][vc_row full_width=\u00a0\u00bbstretch_row\u00a0\u00bb wrap_container=\u00a0\u00bbyes\u00a0\u00bb conditional_render=\u00a0\u00bb%5B%7B%22value_role%22%3A%22administrator%22%7D%5D\u00a0\u00bb css=\u00a0\u00bb.vc_custom_1733157634495{padding-left: [&hellip;]<\/p>\n","protected":false},"author":1,"featured_media":0,"parent":0,"menu_order":0,"comment_status":"closed","ping_status":"closed","template":"","meta":{"footnotes":""},"class_list":["post-4590","page","type-page","status-publish","hentry"],"aioseo_notices":[],"_links":{"self":[{"href":"https:\/\/www.herbaplastic.ch\/fr\/wp-json\/wp\/v2\/pages\/4590","targetHints":{"allow":["GET"]}}],"collection":[{"href":"https:\/\/www.herbaplastic.ch\/fr\/wp-json\/wp\/v2\/pages"}],"about":[{"href":"https:\/\/www.herbaplastic.ch\/fr\/wp-json\/wp\/v2\/types\/page"}],"author":[{"embeddable":true,"href":"https:\/\/www.herbaplastic.ch\/fr\/wp-json\/wp\/v2\/users\/1"}],"replies":[{"embeddable":true,"href":"https:\/\/www.herbaplastic.ch\/fr\/wp-json\/wp\/v2\/comments?post=4590"}],"version-history":[{"count":11,"href":"https:\/\/www.herbaplastic.ch\/fr\/wp-json\/wp\/v2\/pages\/4590\/revisions"}],"predecessor-version":[{"id":5107,"href":"https:\/\/www.herbaplastic.ch\/fr\/wp-json\/wp\/v2\/pages\/4590\/revisions\/5107"}],"wp:attachment":[{"href":"https:\/\/www.herbaplastic.ch\/fr\/wp-json\/wp\/v2\/media?parent=4590"}],"curies":[{"name":"wp","href":"https:\/\/api.w.org\/{rel}","templated":true}]}}