{"id":4734,"date":"2024-06-19T08:05:07","date_gmt":"2024-06-19T06:05:07","guid":{"rendered":"https:\/\/www.herbaplastic.ch\/conditions\/"},"modified":"2025-11-18T13:52:14","modified_gmt":"2025-11-18T12:52:14","slug":"conditions","status":"publish","type":"page","link":"https:\/\/www.herbaplastic.ch\/fr\/conditions\/","title":{"rendered":"Conditions"},"content":{"rendered":"<div class=\"wpb-content-wrapper\"><p>[vc_row full_width=\u00a0\u00bbstretch_row_content_no_spaces\u00a0\u00bb conditional_render=\u00a0\u00bb%5B%7B%22value_role%22%3A%22administrator%22%7D%5D\u00a0\u00bb css_params=\u00a0\u00bb\u00a0\u00bb css=\u00a0\u00bb.vc_custom_1733480044147{margin-top: -5px !important;}\u00a0\u00bb][vc_column][vc_single_image image=\u00a0\u00bb5156&Prime; img_size=\u00a0\u00bbfull\u00a0\u00bb css=\u00a0\u00bb\u00a0\u00bb label=\u00a0\u00bb\u00a0\u00bb css_params=\u00a0\u00bb\u00a0\u00bb][\/vc_column][\/vc_row][vc_row css=\u00a0\u00bb.vc_custom_1733480130272{padding-left: 25px !important;}\u00a0\u00bb conditional_render=\u00a0\u00bb%5B%7B%22value_role%22%3A%22administrator%22%7D%5D\u00a0\u00bb css_params=\u00a0\u00bb\u00a0\u00bb][vc_column][vc_custom_heading text=\u00a0\u00bbAllgemeine Gesch\u00e4ftsbedingungen (AGB)\u00a0\u00bb font_container=\u00a0\u00bbtag:h1|text_align:left\u00a0\u00bb use_theme_fonts=\u00a0\u00bbyes\u00a0\u00bb css=\u00a0\u00bb\u00a0\u00bb css_params=\u00a0\u00bb\u00a0\u00bb][\/vc_column][\/vc_row][vc_row full_width=\u00a0\u00bbstretch_row\u00a0\u00bb css=\u00a0\u00bb.vc_custom_1733479951729{padding-left: 50px !important;}\u00a0\u00bb conditional_render=\u00a0\u00bb%5B%7B%22value_role%22%3A%22administrator%22%7D%5D\u00a0\u00bb css_params=\u00a0\u00bb\u00a0\u00bb][vc_column css=\u00a0\u00bb.vc_custom_1558450659249{margin-top: 25px !important;}\u00a0\u00bb][vc_custom_heading text=\u00a0\u00bbHerba-Plastic AG\u00a0\u00bb font_container=\u00a0\u00bbtag:h3|text_align:left\u00a0\u00bb use_theme_fonts=\u00a0\u00bbyes\u00a0\u00bb css=\u00a0\u00bb\u00a0\u00bb css_params=\u00a0\u00bb\u00a0\u00bb][vc_column_text css=\u00a0\u00bb\u00a0\u00bb]<strong>\u00a71 Geltung<br \/>\n<\/strong>Die Lieferungen, Leistungen und Angebote der Herba-Plastic AG, Grellingerstrasse 41, 4208 Nunningen, im weiteren als \u00abHERBA\u00bb bezeichnet, erfolgen ausschliesslich aufgrund dieser allgemeinen Gesch\u00e4ftsbedingungen, auch wenn sie nicht nochmals ausdr\u00fccklich vereinbart werden. Mit Bestellung der Ware oder Leistung gelten diese Bedingungen als angenommen. Allgemeinen Einkaufsbedingungen des Kunden werden hiermit widersprochen. Abweichungen von den allgemeinen Gesch\u00e4ftsbedingungen sind nur wirksam, wenn diese von HERBA schriftlich best\u00e4tigt werden.<\/p>\n<p><strong>\u00a72 Rahmenauftr\u00e4ge<br \/>\n<\/strong>Rahmenauftr\u00e4ge gelten als Festauftr\u00e4ge und sind innerhalb einer Frist von 12 Monaten verbindlich abzunehmen, falls nichts anderes vereinbart worden ist. Wir behalten uns vor, nicht bezogene Waren nach dieser Zeit zu fakturieren. Ein R\u00fccktritt von einem vereinbarten Rahmenauftrag ist nicht m\u00f6glich.<\/p>\n<p><strong>\u00a73 Muster<br \/>\n<\/strong>Unsere Angebote sind in allen Teilen freibleibend. Auftr\u00e4ge sind f\u00fcr uns erst dann bindend, wenn sie von uns schriftlich best\u00e4tigt sind. Muster sind unverbindliche Ansichtsmuster, Beschreibungen und Masse sind als Richtwerte zu betrachten. Von uns gelieferte Muster, Entw\u00fcrfe und Originale werden berechnet, sofern das Angebot nicht zu einem Auftrag f\u00fchrt. Abweichende Vereinbarungen bleiben vorbehalten.<br \/>\nDie Muster sind Eigentum der HERBA und d\u00fcrfen ohne unsere schriftliche Zustimmung nicht anderweitig verwendet werden, an Dritte abgegeben oder Dritten zug\u00e4nglich gemacht werden.<\/p>\n<p><strong>\u00a74 Preise<br \/>\n<\/strong>Massgebend sind die in der Offerte\/ Auftragsbest\u00e4tigung genannten Preise. Die Preise verstehen sich, wenn nicht anders angegeben, ab Werk CH-Nunningen (EXW), inkl. Verpackung, ohne irgendwelche Abz\u00fcge, exklusiv MwSt. Preis\u00e4nderungen und Fehler vorbehalten.<\/p>\n<p>Der Mindestfakturabetrag betr\u00e4gt f\u00fcr:<br \/>\nLieferungen Schweiz\u00a0\u00a0\u00a0\u00a0\u00a0 CHF150.&#8211;<br \/>\nExportlieferungen\u00a0\u00a0\u00a0\u00a0\u00a0\u00a0\u00a0\u00a0\u00a0 \u20ac200.\u2014<\/p>\n<p><strong>\u00a75 Versand<br \/>\n<\/strong>Der Versand erfolgt (falls nicht anders vereinbart) ab Werk CH-Nunningen (EXW). Der Transport erfolgt auf jeden Fall auf Gefahr des Kunden. Auf Wunsch des Kunden sind wir bereit, auf seine Kosten nach bestem Ermessen, aber ohne Haftung f\u00fcr uns, die Ware gegen Transportrisiko zu versichern. \u00c4usserliche Sch\u00e4den sind dem Frachtf\u00fchrer sofort bei Zustellung zu melden; nicht erkennbare Sch\u00e4den sind dem Frachtf\u00fchrer innert 8 Tagen zu melden.<\/p>\n<p><strong>\u00a76 Zahlung\/ Zahlungsbedingungen<br \/>\n<\/strong>Die Rechnungen sind innert 30 Tagen rein netto zahlbar (falls nicht anders vereinbart). Eine Zahlung gilt erst dann als erfolgt, wenn HERBA \u00fcber den Betrag verf\u00fcgen kann. Gelieferte Produkte bleiben bis zur vollst\u00e4ndigen Bezahlung Eigentum von HERBA. Unberechtigte Abz\u00fcge werden nachbelastet. Wir behalten uns vor, bei wiederholtem Zahlungsverzug oder Neukunden die Produktion\/Lieferung gegen Vorausfaktura vorzunehmen.<\/p>\n<p>Erfolgt die Zahlung nicht innerhalb der oben genannten Frist, ger\u00e4t der Kunde in Zahlungsverzug, wodurch HERBA berechtigt ist, von dem betreffenden Zeitpunkt an, Zinsen in H\u00f6he von 5% zu berechnen. Ger\u00e4t der Kunde in Zahlungsverzug, so mahnt HERBA den Kunden per E-Mail, schriftlich oder telefonisch. HERBA beh\u00e4lt sich vor, Mahngeb\u00fchren von CHF 10.\u2014pro ausgestellte Mahnung zu verrechnen.<\/p>\n<p><strong>\u00a77 Leistungsverweigerungsrecht und R\u00fccktritt<br \/>\n<\/strong>Verschlechtern sich die Verm\u00f6gensverh\u00e4ltnisse des Kunden nach Abschluss des Vertrages (\u00c4nderungen der Zahlungsf\u00e4higkeit oder des Krediturteils und dergleichen) oder erfahren wir sp\u00e4ter hiervon, so sind wir berechtigt, zun\u00e4chst die Zahlung f\u00fcr unsere Leistungen zu verlangen. Verweigert der Kunde diese Zahlung, so sind wir berechtigt, vom Vertrag zur\u00fcckzutreten.<\/p>\n<p><strong>\u00a78 Schutzrechte Dritter<br \/>\n<\/strong>HERBA ist nicht verpflichtet, die vom Kunden eingesandten Zeichnungen, Skizzen, Modelle und Formen auf die Verletzung gewerblicher Schutzrechte Dritter zu pr\u00fcfen. Demgem\u00e4ss sind Patent und\/oder Gebrauchsmusterverletzungen ausschliesslich vom Kunden zu vertreten. Werden wir aus derartigen Forderungen in Anspruch genommen, so ist der Kunde zur vollst\u00e4ndigen Freistellung verpflichtet.<\/p>\n<p><strong>\u00a79 Werkzeuge, Elektroden und Formen<br \/>\n<\/strong>Werkzeuge und Formen, inkl. Zubeh\u00f6rteile, bleiben im Eigentum der HERBA, auch wenn der Kunde einen Anteil an die Kosten ihrer Herstellung bezahlt hat. HERBA verpflichtet sich aber in diesem Fall, ohne ausdr\u00fcckliche Einwilligung des Kunden mit den entsprechenden Werkzeugen keine Teile f\u00fcr Dritte zu fertigen.<\/p>\n<p>HERBA besorgt auf seine Kosten die Lagerung und Pflege der Werkzeuge und Formen f\u00fcr Nachbestellungen w\u00e4hrend drei Jahren seit der letzten Lieferung. Auf Wunsch des Kunden werden sie auf dessen Kosten w\u00e4hrend max. zwei weiteren Jahren durch HERBA aufbewahrt und gepflegt. Werkzeuge und Formen sowie Zubeh\u00f6rteile, \u00fcber die w\u00e4hrend drei bzw. f\u00fcnf Jahren nicht verf\u00fcgt wird, sind von HERBA nicht weiter aufzubewahren.<\/p>\n<p><strong>\u00a710 Mehr-\/Minderlieferungen<br \/>\n<\/strong>Bei allen Auftr\u00e4gen behalten wir uns 10% Mehr- oder Minderlieferungen vor (falls nicht anders vereinbart).<\/p>\n<p><strong>\u00a711 Besondere Vorbehalte<br \/>\n<\/strong>Handels\u00fcbliche Abweichungen von Muster, Farbe, Beschaffenheit, Gewicht usw. bleiben vorbehalten. Abweichungen hinsichtlich der Stofff\u00e4rbung des Rohmaterials, die handels\u00fcblichen Abweichungen vom Muster sowie durch die Drucktechnik bedingte Unterschiede zwischen Andruck und Auflagendruck bleiben vorbehalten.<\/p>\n<p>Bez\u00fcglich der Folienst\u00e4rke liefern wir im branchen\u00fcblichen Toleranzbereich von +\/- 10 %, wobei die St\u00e4rke der gemessenen Folie gilt.<br \/>\nGr\u00f6ssenabweichungen von +\/- 1,5 % im Format geben ebenfalls keinen Anlass zur Reklamation.<\/p>\n<p>Druck: Bei Anfertigung von Sonderw\u00fcnschen hinsichtlich den Farbt\u00f6nen, k\u00f6nnen Reklamationen nicht ber\u00fccksichtigt werden. Korrekturabz\u00fcge werden einmalig unberechnet geliefert, die angefallenen Satzkosten hierf\u00fcr jedoch zum Selbstkostenpreis berechnet. Weitere Abz\u00fcge in verschiedener Ausf\u00fchrung und mehrfarbigem Druck werden zus\u00e4tzlich berechnet. F\u00fcr Druckfehler, die der Kunde in dem von ihm als genehmigt bezeichneten Andruck \u00fcbersehen hat, ist der Kunde haftbar.<\/p>\n<p>Telefonisch aufgegebene \u00c4nderungsw\u00fcnsche bed\u00fcrfen der schriftlichen Best\u00e4tigung. F\u00fcr alle Druckarbeiten werden Farbabweichungen im Rahmen des Zul\u00e4ssigen vorbehalten. Auch f\u00fcr die Lichtbest\u00e4ndigkeit der Druckfarben k\u00f6nnen wir keine Gew\u00e4hr \u00fcbernehmen. Geringe Schwankungen des Druckstandes sowie ein Ausschuss von ca. 5 % bei bedruckten Produkten sind handels\u00fcblich und berechtigen nicht zu M\u00e4ngelr\u00fcgen. Bei Artikeln mit EAN-Code-Druck wird eine Lesequote von 98% angestrebt. Der Kunde ist verpflichtet, sofort nach Eingang der Ware diese auf die Lesbarkeit des EAN-Codes zu \u00fcberpr\u00fcfen.<\/p>\n<p>Folgekosten werden von uns nicht \u00fcbernommen.<\/p>\n<p><strong>\u00a712 M\u00e4ngel oder Reklamationen<br \/>\n<\/strong>Diese m\u00fcssen schriftlich innert 10 Tagen nach Empfang der Sendung angebracht werden. Im Falle einer begr\u00fcndeten Beanstandung steht es uns frei, nach eigener Wahl entweder eine einwandfreie Ersatzlieferung zu t\u00e4tigen oder eine angemessene Preisreduktion zu gew\u00e4hren. Die Beanstandung der ge\u00adlieferten Liefergegenst\u00e4nde entbindet nicht von der Verpflichtung zur Bezahlung, sofern sie im Besitz des Kunden bleiben.<\/p>\n<p>F\u00fcr verdeckte M\u00e4ngel gilt eine maximale Garantiedauer von 12 Monaten nach Lieferung. F\u00fcr Schadenersatzanspr\u00fcche sowie Anspr\u00fcche aus Folgesch\u00e4den haftet die HERBA nicht. Bei Sch\u00e4den, die auf die Leistungen von Unterlieferanten zur\u00fcckzuf\u00fchren sind, bleibt die Garantie auf jenen Umfang beschr\u00e4nkt, in dem HERBA auf den Unterlieferanten zur\u00fcckgreifen kann.<\/p>\n<p><strong>\u00a713 R\u00fccksendungen<br \/>\n<\/strong>R\u00fccksendungen, ohne vorherige R\u00fccksprache mit uns, werden von uns nicht entgegengenommen.<\/p>\n<p><strong>\u00a714 H\u00f6here Gewalt<br \/>\n<\/strong>Im Falle h\u00f6herer Gewalt und sonstiger unvorhersehbarer, aussergew\u00f6hnlicher und unverschuldeter Umst\u00e4nde \u2013 z.B. Materialbeschaffungsschwierigkeiten, Betriebsst\u00f6rungen, Streik, Aussperrung, Mangel an Transportmitteln, beh\u00f6rdliche Eingriffe, Energieversorgungsschwierigkeiten, tiefgreifende \u00c4nderungen in Wertverh\u00e4ltnissen usw. \u2013 auch wenn sie bei Vorlieferanten eintreten \u2013 verl\u00e4ngert sich, wenn HERBA an der rechtzeitigen Erf\u00fcllung seiner Verpflichtung behindert ist, die Lieferfrist in angemessenem Umfang. Wird durch die genannten Umst\u00e4nde die Lieferung oder Leistung unm\u00f6glich oder unzumutbar, so wird HERBA von der Lieferverpflichtung befreit. Sofern die Lieferverz\u00f6gerung l\u00e4nger als 2 Monate dauert, ist der Kunde berechtigt, vom Vertrag zur\u00fcckzutreten. Verl\u00e4ngert sich die Lieferzeit oder wird HERBA von der Lieferverpflichtung befreit, so kann der Kunde hieraus keine Schadenersatzanspr\u00fcche herleiten. Auf die genannten Umst\u00e4nde kann sich HERBA nur dann berufen, wenn sie den Kunden unverz\u00fcglich benachrichtigt.<\/p>\n<p><strong>\u00a715 Gerichtsstand<br \/>\n<\/strong>Nunningen ist ausschliesslich Gerichtsstand f\u00fcr alle sich aus dem Vertragsverh\u00e4ltnis unmittelbar oder mittelbar ergebenden Streitigkeiten. Das Rechtsverh\u00e4ltnis untersteht dem schweizerischen Recht.<\/p>\n<p><strong>\u00a716 Schlussbestimmungen<br \/>\n<\/strong>HERBA beh\u00e4lt sich das Recht vor, die allgemeinen Gesch\u00e4ftsbedingungen jederzeit zu \u00e4ndern.<\/p>\n<p>Sollte eine Bestimmung dieser allgemeinen Gesch\u00e4ftsbedingungen unwirksam sein, so hat dies keinen Einfluss auf die Wirksamkeit der \u00fcbrigen Bestimmungen sowie der allgemeinen Gesch\u00e4ftsbedingungen insgesamt. Anstelle der unwirksamen Bestimmung gelten die einschl\u00e4gigen gesetzlichen Bestimmungen.<\/p>\n<p>(Version 2024_1, \u00c4nderungen vorbehalten)[\/vc_column_text][\/vc_column][\/vc_row]<\/p>\n<\/div>","protected":false},"excerpt":{"rendered":"<p>[vc_row full_width=\u00a0\u00bbstretch_row_content_no_spaces\u00a0\u00bb conditional_render=\u00a0\u00bb%5B%7B%22value_role%22%3A%22administrator%22%7D%5D\u00a0\u00bb css_params=\u00a0\u00bb\u00a0\u00bb css=\u00a0\u00bb.vc_custom_1733480044147{margin-top: -5px !important;}\u00a0\u00bb][vc_column][vc_single_image image=\u00a0\u00bb5156&Prime; img_size=\u00a0\u00bbfull\u00a0\u00bb css=\u00a0\u00bb\u00a0\u00bb label=\u00a0\u00bb\u00a0\u00bb css_params=\u00a0\u00bb\u00a0\u00bb][\/vc_column][\/vc_row][vc_row css=\u00a0\u00bb.vc_custom_1733480130272{padding-left: 25px !important;}\u00a0\u00bb conditional_render=\u00a0\u00bb%5B%7B%22value_role%22%3A%22administrator%22%7D%5D\u00a0\u00bb css_params=\u00a0\u00bb\u00a0\u00bb][vc_column][vc_custom_heading text=\u00a0\u00bbAllgemeine Gesch\u00e4ftsbedingungen (AGB)\u00a0\u00bb font_container=\u00a0\u00bbtag:h1|text_align:left\u00a0\u00bb use_theme_fonts=\u00a0\u00bbyes\u00a0\u00bb css=\u00a0\u00bb\u00a0\u00bb css_params=\u00a0\u00bb\u00a0\u00bb][\/vc_column][\/vc_row][vc_row full_width=\u00a0\u00bbstretch_row\u00a0\u00bb css=\u00a0\u00bb.vc_custom_1733479951729{padding-left: 50px !important;}\u00a0\u00bb conditional_render=\u00a0\u00bb%5B%7B%22value_role%22%3A%22administrator%22%7D%5D\u00a0\u00bb css_params=\u00a0\u00bb\u00a0\u00bb][vc_column css=\u00a0\u00bb.vc_custom_1558450659249{margin-top: 25px !important;}\u00a0\u00bb][vc_custom_heading text=\u00a0\u00bbHerba-Plastic AG\u00a0\u00bb font_container=\u00a0\u00bbtag:h3|text_align:left\u00a0\u00bb use_theme_fonts=\u00a0\u00bbyes\u00a0\u00bb css=\u00a0\u00bb\u00a0\u00bb css_params=\u00a0\u00bb\u00a0\u00bb][vc_column_text css=\u00a0\u00bb\u00a0\u00bb]\u00a71 Geltung Die Lieferungen, Leistungen und Angebote der Herba-Plastic AG, Grellingerstrasse 41, 4208 Nunningen, im weiteren [&hellip;]<\/p>\n","protected":false},"author":1,"featured_media":0,"parent":0,"menu_order":0,"comment_status":"closed","ping_status":"closed","template":"","meta":{"footnotes":""},"class_list":["post-4734","page","type-page","status-publish","hentry"],"aioseo_notices":[],"_links":{"self":[{"href":"https:\/\/www.herbaplastic.ch\/fr\/wp-json\/wp\/v2\/pages\/4734","targetHints":{"allow":["GET"]}}],"collection":[{"href":"https:\/\/www.herbaplastic.ch\/fr\/wp-json\/wp\/v2\/pages"}],"about":[{"href":"https:\/\/www.herbaplastic.ch\/fr\/wp-json\/wp\/v2\/types\/page"}],"author":[{"embeddable":true,"href":"https:\/\/www.herbaplastic.ch\/fr\/wp-json\/wp\/v2\/users\/1"}],"replies":[{"embeddable":true,"href":"https:\/\/www.herbaplastic.ch\/fr\/wp-json\/wp\/v2\/comments?post=4734"}],"version-history":[{"count":4,"href":"https:\/\/www.herbaplastic.ch\/fr\/wp-json\/wp\/v2\/pages\/4734\/revisions"}],"predecessor-version":[{"id":5191,"href":"https:\/\/www.herbaplastic.ch\/fr\/wp-json\/wp\/v2\/pages\/4734\/revisions\/5191"}],"wp:attachment":[{"href":"https:\/\/www.herbaplastic.ch\/fr\/wp-json\/wp\/v2\/media?parent=4734"}],"curies":[{"name":"wp","href":"https:\/\/api.w.org\/{rel}","templated":true}]}}