{"id":4736,"date":"2024-06-19T08:20:08","date_gmt":"2024-06-19T06:20:08","guid":{"rendered":"https:\/\/www.herbaplastic.ch\/politique-de-confidentialite\/"},"modified":"2024-12-06T11:31:08","modified_gmt":"2024-12-06T10:31:08","slug":"politique-de-confidentialite","status":"publish","type":"page","link":"https:\/\/www.herbaplastic.ch\/fr\/politique-de-confidentialite\/","title":{"rendered":"Politique de confidentialit\u00e9"},"content":{"rendered":"<div class=\"wpb-content-wrapper\"><p>[vc_row full_width=\u00a0\u00bbstretch_row_content_no_spaces\u00a0\u00bb conditional_render=\u00a0\u00bb%5B%7B%22value_role%22%3A%22administrator%22%7D%5D\u00a0\u00bb css_params=\u00a0\u00bb\u00a0\u00bb css=\u00a0\u00bb.vc_custom_1733480581100{margin-top: -5px !important;}\u00a0\u00bb][vc_column][vc_single_image image=\u00a0\u00bb5156&Prime; img_size=\u00a0\u00bbfull\u00a0\u00bb css=\u00a0\u00bb\u00a0\u00bb label=\u00a0\u00bb\u00a0\u00bb css_params=\u00a0\u00bb\u00a0\u00bb][\/vc_column][\/vc_row][vc_row full_width=\u00a0\u00bbstretch_row\u00a0\u00bb css=\u00a0\u00bb.vc_custom_1733480407611{padding-left: 25px !important;}\u00a0\u00bb conditional_render=\u00a0\u00bb%5B%7B%22value_role%22%3A%22administrator%22%7D%5D\u00a0\u00bb css_params=\u00a0\u00bb\u00a0\u00bb][vc_column][vc_custom_heading text=\u00a0\u00bbPolitique de confidentialit\u00e9\u00a0\u00bb font_container=\u00a0\u00bbtag:h1|text_align:left\u00a0\u00bb use_theme_fonts=\u00a0\u00bbyes\u00a0\u00bb css=\u00a0\u00bb\u00a0\u00bb css_params=\u00a0\u00bb\u00a0\u00bb][\/vc_column][\/vc_row][vc_row full_width=\u00a0\u00bbstretch_row\u00a0\u00bb css=\u00a0\u00bb.vc_custom_1733480448034{padding-left: 50px !important;}\u00a0\u00bb conditional_render=\u00a0\u00bb%5B%7B%22value_role%22%3A%22administrator%22%7D%5D\u00a0\u00bb css_params=\u00a0\u00bb\u00a0\u00bb][vc_column css=\u00a0\u00bb.vc_custom_1558450560230{margin-top: 25px !important;}\u00a0\u00bb][vc_column_text]<strong>Protection des donn\u00e9es<\/strong><br \/>\nCollecte, traitement et utilisation des donn\u00e9es personnelles<br \/>\nLorsque vous visitez ce site Web, nous ne collectons aucune donn\u00e9e personnelle vous concernant. Les donn\u00e9es personnelles ne sont collect\u00e9es que si vous nous les fournissez vous-m\u00eame via notre formulaire de contact. Ces donn\u00e9es seront utilis\u00e9es uniquement pour r\u00e9pondre \u00e0 votre demande et seront ensuite supprim\u00e9es.<\/p>\n<p><strong>Utilisation de nos propres cookies<\/strong><br \/>\nLors de l&rsquo;acc\u00e8s \u00e0 certaines pages, un \u00ab cookie de session \u00bb est install\u00e9. Il s&rsquo;agit d&rsquo;un petit fichier texte qui est automatiquement supprim\u00e9 de votre ordinateur \u00e0 la fin de la session du navigateur. Ce fichier est utilis\u00e9 exclusivement pour utiliser certaines applications. Vous pouvez modifier les param\u00e8tres de la plupart des navigateurs Web afin que votre navigateur n&rsquo;accepte pas de nouveaux cookies ou supprimer les cookies re\u00e7us. Vous pouvez g\u00e9n\u00e9ralement d\u00e9couvrir exactement comment cela fonctionne pour votre navigateur \u00e0 l&rsquo;aide de la fonction d&rsquo;aide.<\/p>\n<p><strong>Fichiers journaux du serveur<\/strong><br \/>\nComme pour toute connexion \u00e0 un serveur Web, le serveur de notre h\u00e9bergeur Web Webland AG, 4142 M\u00fcnchenstein Suisse, enregistre et stocke certaines donn\u00e9es techniques. Ces donn\u00e9es comprennent l&rsquo;adresse IP et le syst\u00e8me d&rsquo;exploitation de votre appareil, les donn\u00e9es, le temps d&rsquo;acc\u00e8s, le type de navigateur et la requ\u00eate du navigateur, y compris l&rsquo;origine de la requ\u00eate (r\u00e9f\u00e9rent). Cela est n\u00e9cessaire pour des raisons techniques afin de vous fournir notre site Internet. L&rsquo;h\u00e9bergeur Web prot\u00e8ge ces donn\u00e9es contre tout acc\u00e8s non autoris\u00e9 par des mesures techniques et organisationnelles et ne les transmet pas \u00e0 des tiers. Dans la mesure o\u00f9 nous traitons des donn\u00e9es personnelles, nous le faisons en raison de notre int\u00e9r\u00eat \u00e0 vous offrir la meilleure exp\u00e9rience utilisateur possible et \u00e0 garantir la s\u00e9curit\u00e9 et la stabilit\u00e9 de nos syst\u00e8mes.<\/p>\n<p><strong>Bulletin<\/strong><br \/>\nSi vous vous \u00eates inscrit \u00e0 notre newsletter avec votre adresse e-mail, nous enregistrerons et utiliserons votre adresse e-mail pour vous envoyer notre newsletter contenant des informations et de la publicit\u00e9 sur nous jusqu&rsquo;\u00e0 ce que vous vous d\u00e9sinscriviez de notre newsletter.<br \/>\nSi vous saisissez votre adresse e-mail pour recevoir la newsletter, la date d&rsquo;inscription et l&rsquo;adresse IP sous laquelle vous vous \u00eates inscrit seront enregistr\u00e9es. Votre adresse IP ne sera plus utilis\u00e9e. Nous attirons votre attention sur le fait que les donn\u00e9es peuvent \u00eatre stock\u00e9es et trait\u00e9es sur des ordinateurs aux \u00c9tats-Unis. En acceptant de recevoir notre newsletter, vous acceptez cela. Votre adresse e-mail ne sera transmise d&rsquo;aucune autre mani\u00e8re \u00e0 des tiers.<br \/>\nVous pouvez \u00e0 tout moment vous d\u00e9sinscrire de notre newsletter. Un lien de d\u00e9sabonnement est inclus dans chaque email contenant notre newsletter. Vous pouvez \u00e9galement r\u00e9voquer \u00e0 tout moment votre consentement \u00e0 ce que nous utilisions votre adresse e-mail \u00e0 l&rsquo;avenir. Pour ce faire, veuillez utiliser les options de contact fournies ci-dessous.<\/p>\n<p><strong>Tes droits<\/strong><br \/>\nEn principe, vous disposez des droits d&rsquo;information, de rectification, de suppression, de limitation, de portabilit\u00e9 des donn\u00e9es, de r\u00e9vocation et d&rsquo;opposition. Si vous pensez que le traitement de vos donn\u00e9es viole la loi sur la protection des donn\u00e9es ou que vos droits en mati\u00e8re de protection des donn\u00e9es ont \u00e9t\u00e9 viol\u00e9s d&rsquo;une autre mani\u00e8re, vous pouvez porter plainte aupr\u00e8s de l&rsquo;autorit\u00e9 de contr\u00f4le.[\/vc_column_text][\/vc_column][\/vc_row]<\/p>\n<\/div>","protected":false},"excerpt":{"rendered":"<p>[vc_row full_width=\u00a0\u00bbstretch_row_content_no_spaces\u00a0\u00bb conditional_render=\u00a0\u00bb%5B%7B%22value_role%22%3A%22administrator%22%7D%5D\u00a0\u00bb css_params=\u00a0\u00bb\u00a0\u00bb css=\u00a0\u00bb.vc_custom_1733480581100{margin-top: -5px !important;}\u00a0\u00bb][vc_column][vc_single_image image=\u00a0\u00bb5156&Prime; img_size=\u00a0\u00bbfull\u00a0\u00bb css=\u00a0\u00bb\u00a0\u00bb label=\u00a0\u00bb\u00a0\u00bb css_params=\u00a0\u00bb\u00a0\u00bb][\/vc_column][\/vc_row][vc_row full_width=\u00a0\u00bbstretch_row\u00a0\u00bb css=\u00a0\u00bb.vc_custom_1733480407611{padding-left: 25px !important;}\u00a0\u00bb conditional_render=\u00a0\u00bb%5B%7B%22value_role%22%3A%22administrator%22%7D%5D\u00a0\u00bb css_params=\u00a0\u00bb\u00a0\u00bb][vc_column][vc_custom_heading text=\u00a0\u00bbPolitique de confidentialit\u00e9\u00a0\u00bb font_container=\u00a0\u00bbtag:h1|text_align:left\u00a0\u00bb use_theme_fonts=\u00a0\u00bbyes\u00a0\u00bb css=\u00a0\u00bb\u00a0\u00bb css_params=\u00a0\u00bb\u00a0\u00bb][\/vc_column][\/vc_row][vc_row full_width=\u00a0\u00bbstretch_row\u00a0\u00bb css=\u00a0\u00bb.vc_custom_1733480448034{padding-left: 50px !important;}\u00a0\u00bb conditional_render=\u00a0\u00bb%5B%7B%22value_role%22%3A%22administrator%22%7D%5D\u00a0\u00bb css_params=\u00a0\u00bb\u00a0\u00bb][vc_column css=\u00a0\u00bb.vc_custom_1558450560230{margin-top: 25px !important;}\u00a0\u00bb][vc_column_text]Protection des donn\u00e9es Collecte, traitement et utilisation des donn\u00e9es personnelles Lorsque vous visitez ce site Web, nous ne collectons aucune donn\u00e9e personnelle [&hellip;]<\/p>\n","protected":false},"author":1,"featured_media":0,"parent":0,"menu_order":0,"comment_status":"closed","ping_status":"closed","template":"","meta":{"footnotes":""},"class_list":["post-4736","page","type-page","status-publish","hentry"],"aioseo_notices":[],"_links":{"self":[{"href":"https:\/\/www.herbaplastic.ch\/fr\/wp-json\/wp\/v2\/pages\/4736","targetHints":{"allow":["GET"]}}],"collection":[{"href":"https:\/\/www.herbaplastic.ch\/fr\/wp-json\/wp\/v2\/pages"}],"about":[{"href":"https:\/\/www.herbaplastic.ch\/fr\/wp-json\/wp\/v2\/types\/page"}],"author":[{"embeddable":true,"href":"https:\/\/www.herbaplastic.ch\/fr\/wp-json\/wp\/v2\/users\/1"}],"replies":[{"embeddable":true,"href":"https:\/\/www.herbaplastic.ch\/fr\/wp-json\/wp\/v2\/comments?post=4736"}],"version-history":[{"count":5,"href":"https:\/\/www.herbaplastic.ch\/fr\/wp-json\/wp\/v2\/pages\/4736\/revisions"}],"predecessor-version":[{"id":5169,"href":"https:\/\/www.herbaplastic.ch\/fr\/wp-json\/wp\/v2\/pages\/4736\/revisions\/5169"}],"wp:attachment":[{"href":"https:\/\/www.herbaplastic.ch\/fr\/wp-json\/wp\/v2\/media?parent=4736"}],"curies":[{"name":"wp","href":"https:\/\/api.w.org\/{rel}","templated":true}]}}