{"id":4739,"date":"2024-06-19T08:28:46","date_gmt":"2024-06-19T06:28:46","guid":{"rendered":"https:\/\/www.herbaplastic.ch\/mention-legales\/"},"modified":"2024-12-06T11:31:47","modified_gmt":"2024-12-06T10:31:47","slug":"mention-legales","status":"publish","type":"page","link":"https:\/\/www.herbaplastic.ch\/fr\/mention-legales\/","title":{"rendered":"Mention l\u00e9gales"},"content":{"rendered":"<div class=\"wpb-content-wrapper\"><p>[vc_row full_width=\u00a0\u00bbstretch_row_content_no_spaces\u00a0\u00bb css=\u00a0\u00bb.vc_custom_1733480787642{margin-top: -5px !important;}\u00a0\u00bb conditional_render=\u00a0\u00bb%5B%7B%22value_role%22%3A%22administrator%22%7D%5D\u00a0\u00bb css_params=\u00a0\u00bb\u00a0\u00bb][vc_column][vc_single_image image=\u00a0\u00bb5156&Prime; img_size=\u00a0\u00bbfull\u00a0\u00bb css=\u00a0\u00bb\u00a0\u00bb label=\u00a0\u00bb\u00a0\u00bb css_params=\u00a0\u00bb\u00a0\u00bb][\/vc_column][\/vc_row][vc_row full_width=\u00a0\u00bbstretch_row\u00a0\u00bb css=\u00a0\u00bb.vc_custom_1733480851659{padding-left: 25px !important;}\u00a0\u00bb conditional_render=\u00a0\u00bb%5B%7B%22value_role%22%3A%22administrator%22%7D%5D\u00a0\u00bb css_params=\u00a0\u00bb\u00a0\u00bb][vc_column][vc_custom_heading text=\u00a0\u00bbMention l\u00e9gales\u00a0\u00bb font_container=\u00a0\u00bbtag:h1|text_align:left\u00a0\u00bb use_theme_fonts=\u00a0\u00bbyes\u00a0\u00bb css=\u00a0\u00bb\u00a0\u00bb css_params=\u00a0\u00bb\u00a0\u00bb][\/vc_column][\/vc_row][vc_row css=\u00a0\u00bb.vc_custom_1733480875510{padding-left: 50px !important;}\u00a0\u00bb conditional_render=\u00a0\u00bb%5B%7B%22value_role%22%3A%22administrator%22%7D%5D\u00a0\u00bb css_params=\u00a0\u00bb\u00a0\u00bb][vc_column css=\u00a0\u00bb.vc_custom_1558450512317{margin-top: 25px !important;}\u00a0\u00bb][vc_column_text]<strong>Responsable du contenu de cette page<\/strong><br \/>\nHerba-Plastic SA | Grellingerstrasse 41 | 4208 Nunningen | Suisse<br \/>\nT\u00e9l\u00e9phone +41 (0)61 795 95 95<br \/>\nNum\u00e9ro de registre du commerce: CH-478.294.120<br \/>\nNum\u00e9ro TVA: CH-478.294.120 MWST<\/p>\n<p><strong>D\u00e9sign \/ Programmation du site Web<\/strong><br \/>\nAndreas Dreier<\/p>\n<p><strong>Web-Hosting<\/strong><br \/>\nWebland SA | Emil Frey-Strasse 85 | 4142 M\u00fcnchenstein | Suisse |<a title=\"Webland\" href=\"http:\/\/www.webland.ch\" target=\"_blank\" rel=\"noopener\">\u00a0http:\/\/www.webland.ch<\/a><\/p>\n<p><strong>Information l\u00e9gale<\/strong><br \/>\nHerba-Plastic AG d\u00e9tient les droits d&rsquo;auteur de l&rsquo;ensemble du site Web.<br \/>\nLe contenu ne peut \u00eatre utilis\u00e9 et copi\u00e9 dans aucun autre contexte.<br \/>\nToutes les demandes de responsabilit\u00e9 pour les informations sur ce site Web sont exclues.<br \/>\nLa copie, l&rsquo;utilisation et la modification du contenu du site, \u00e9galement en partie, n\u00e9cessitent l&rsquo;accord \u00e9crit de Herba-Plastic AG.<\/p>\n<p>\u00a9 Herba-Plastic SA[\/vc_column_text][\/vc_column][\/vc_row]<\/p>\n<\/div>","protected":false},"excerpt":{"rendered":"<p>[vc_row full_width=\u00a0\u00bbstretch_row_content_no_spaces\u00a0\u00bb css=\u00a0\u00bb.vc_custom_1733480787642{margin-top: -5px !important;}\u00a0\u00bb conditional_render=\u00a0\u00bb%5B%7B%22value_role%22%3A%22administrator%22%7D%5D\u00a0\u00bb css_params=\u00a0\u00bb\u00a0\u00bb][vc_column][vc_single_image image=\u00a0\u00bb5156&Prime; img_size=\u00a0\u00bbfull\u00a0\u00bb css=\u00a0\u00bb\u00a0\u00bb label=\u00a0\u00bb\u00a0\u00bb css_params=\u00a0\u00bb\u00a0\u00bb][\/vc_column][\/vc_row][vc_row full_width=\u00a0\u00bbstretch_row\u00a0\u00bb css=\u00a0\u00bb.vc_custom_1733480851659{padding-left: 25px !important;}\u00a0\u00bb conditional_render=\u00a0\u00bb%5B%7B%22value_role%22%3A%22administrator%22%7D%5D\u00a0\u00bb css_params=\u00a0\u00bb\u00a0\u00bb][vc_column][vc_custom_heading text=\u00a0\u00bbMention l\u00e9gales\u00a0\u00bb font_container=\u00a0\u00bbtag:h1|text_align:left\u00a0\u00bb use_theme_fonts=\u00a0\u00bbyes\u00a0\u00bb css=\u00a0\u00bb\u00a0\u00bb css_params=\u00a0\u00bb\u00a0\u00bb][\/vc_column][\/vc_row][vc_row css=\u00a0\u00bb.vc_custom_1733480875510{padding-left: 50px !important;}\u00a0\u00bb conditional_render=\u00a0\u00bb%5B%7B%22value_role%22%3A%22administrator%22%7D%5D\u00a0\u00bb css_params=\u00a0\u00bb\u00a0\u00bb][vc_column css=\u00a0\u00bb.vc_custom_1558450512317{margin-top: 25px !important;}\u00a0\u00bb][vc_column_text]Responsable du contenu de cette page Herba-Plastic SA | Grellingerstrasse 41 | 4208 Nunningen | Suisse T\u00e9l\u00e9phone +41 (0)61 795 95 95 Num\u00e9ro de [&hellip;]<\/p>\n","protected":false},"author":1,"featured_media":0,"parent":0,"menu_order":0,"comment_status":"closed","ping_status":"closed","template":"","meta":{"footnotes":""},"class_list":["post-4739","page","type-page","status-publish","hentry"],"aioseo_notices":[],"_links":{"self":[{"href":"https:\/\/www.herbaplastic.ch\/fr\/wp-json\/wp\/v2\/pages\/4739","targetHints":{"allow":["GET"]}}],"collection":[{"href":"https:\/\/www.herbaplastic.ch\/fr\/wp-json\/wp\/v2\/pages"}],"about":[{"href":"https:\/\/www.herbaplastic.ch\/fr\/wp-json\/wp\/v2\/types\/page"}],"author":[{"embeddable":true,"href":"https:\/\/www.herbaplastic.ch\/fr\/wp-json\/wp\/v2\/users\/1"}],"replies":[{"embeddable":true,"href":"https:\/\/www.herbaplastic.ch\/fr\/wp-json\/wp\/v2\/comments?post=4739"}],"version-history":[{"count":5,"href":"https:\/\/www.herbaplastic.ch\/fr\/wp-json\/wp\/v2\/pages\/4739\/revisions"}],"predecessor-version":[{"id":5172,"href":"https:\/\/www.herbaplastic.ch\/fr\/wp-json\/wp\/v2\/pages\/4739\/revisions\/5172"}],"wp:attachment":[{"href":"https:\/\/www.herbaplastic.ch\/fr\/wp-json\/wp\/v2\/media?parent=4739"}],"curies":[{"name":"wp","href":"https:\/\/api.w.org\/{rel}","templated":true}]}}