{"id":5072,"date":"2024-12-05T09:47:55","date_gmt":"2024-12-05T08:47:55","guid":{"rendered":"https:\/\/www.herbaplastic.ch\/developpement-durable-2\/"},"modified":"2024-12-05T11:31:59","modified_gmt":"2024-12-05T10:31:59","slug":"developpement-durable-2","status":"publish","type":"page","link":"https:\/\/www.herbaplastic.ch\/fr\/developpement-durable-2\/","title":{"rendered":"D\u00e9veloppement durable"},"content":{"rendered":"<div class=\"wpb-content-wrapper\"><p>[vc_row full_width=\u00a0\u00bbstretch_row_content_no_spaces\u00a0\u00bb conditional_render=\u00a0\u00bb%5B%7B%22value_role%22%3A%22administrator%22%7D%5D\u00a0\u00bb css_params=\u00a0\u00bb\u00a0\u00bb css=\u00a0\u00bb.vc_custom_1733151188388{margin-top: -5px !important;}\u00a0\u00bb][vc_column][vc_single_image image=\u00a0\u00bb4809&Prime; img_size=\u00a0\u00bbfull\u00a0\u00bb css=\u00a0\u00bb\u00a0\u00bb css_params=\u00a0\u00bb\u00a0\u00bb][\/vc_column][\/vc_row][vc_row full_width=\u00a0\u00bbstretch_row\u00a0\u00bb css=\u00a0\u00bb.vc_custom_1733394565332{padding-left: 25px !important;}\u00a0\u00bb conditional_render=\u00a0\u00bb%5B%7B%22value_role%22%3A%22administrator%22%7D%5D\u00a0\u00bb css_params=\u00a0\u00bb\u00a0\u00bb][vc_column][vc_custom_heading text=\u00a0\u00bbRecyclage\u00a0\u00bb font_container=\u00a0\u00bbtag:h1|text_align:left\u00a0\u00bb use_theme_fonts=\u00a0\u00bbyes\u00a0\u00bb css=\u00a0\u00bb\u00a0\u00bb css_params=\u00a0\u00bb\u00a0\u00bb][\/vc_column][\/vc_row][vc_row css=\u00a0\u00bb.vc_custom_1733394577651{padding-left: 50px !important;}\u00a0\u00bb conditional_render=\u00a0\u00bb%5B%7B%22value_role%22%3A%22administrator%22%7D%5D\u00a0\u00bb css_params=\u00a0\u00bb\u00a0\u00bb][vc_column][vc_column_text css=\u00a0\u00bb\u00a0\u00bb css_params=\u00a0\u00bb\u00a0\u00bb]Vous pouvez nous retourner nos produits en mati\u00e8re plastique \u00ab tri\u00e9s par sorte et propres \u00bb pour r\u00e9utilisation.<br \/>\nNous ne pouvons reprendre des produits provenant d\u2019autres fabricants.<\/p>\n<p>Les mati\u00e8res plastiques propres et tri\u00e9es par type PP\/PVC\/PET\/PE sont collect\u00e9es s\u00e9par\u00e9ment, sans corps \u00e9tranger !<br \/>\nCeci est une condition imp\u00e9rative pour une r\u00e9utilisation.<\/p>\n<p>Les mati\u00e8res aptes au recyclage sont d\u00e9chiquet\u00e9es et envoy\u00e9es dans des sacs aux centres de recyclage correspondants (recyclage chimique\/ m\u00e9canique).<br \/>\nUne des r\u00e9utilisations principales est la fabrication de tuyaux pour l\u2019industrie du b\u00e2timent.[\/vc_column_text][vc_column_text css_animation=\u00a0\u00bbzoomIn\u00a0\u00bb css=\u00a0\u00bb.vc_custom_1733241081523{padding-left: 25px !important;}\u00a0\u00bb css_params=\u00a0\u00bb\u00a0\u00bb]<iframe loading=\"lazy\" src=\"https:\/\/www.youtube.com\/embed\/Reg8AaEC4Zo\" width=\"560\" height=\"315\" frameborder=\"0\" allowfullscreen=\"allowfullscreen\"><\/iframe>[\/vc_column_text][vc_custom_heading text=\u00a0\u00bbMati\u00e8res plastiques compostables\u00a0\u00bb font_container=\u00a0\u00bbtag:h3|text_align:left\u00a0\u00bb use_theme_fonts=\u00a0\u00bbyes\u00a0\u00bb css=\u00a0\u00bb.vc_custom_1733241114881{padding-left: 25px !important;}\u00a0\u00bb css_params=\u00a0\u00bb\u00a0\u00bb][vc_column_text css=\u00a0\u00bb.vc_custom_1733241133011{padding-left: 25px !important;}\u00a0\u00bb css_params=\u00a0\u00bb\u00a0\u00bb]<\/p>\n<ul>\n<li>Nous pouvons r\u00e9aliser vos produits en utilisant des mati\u00e8res plastiques compostables (transparentes \u00e9galement)<\/li>\n<li>Les mati\u00e8res compostables peuvent \u00eatre soud\u00e9es, imprim\u00e9es ou thermoform\u00e9es<\/li>\n<li>N\u2019h\u00e9sitez pas \u00e0 nous contacter pour des tests de votre projet<\/li>\n<\/ul>\n<p>[\/vc_column_text][vc_custom_heading text=\u00a0\u00bbNous utilisons:\u00a0\u00bb font_container=\u00a0\u00bbtag:h3|text_align:left\u00a0\u00bb use_theme_fonts=\u00a0\u00bbyes\u00a0\u00bb css=\u00a0\u00bb.vc_custom_1733241148328{padding-left: 25px !important;}\u00a0\u00bb css_params=\u00a0\u00bb\u00a0\u00bb][vc_column_text css=\u00a0\u00bb.vc_custom_1733241161906{padding-left: 25px !important;}\u00a0\u00bb css_params=\u00a0\u00bb\u00a0\u00bb]<\/p>\n<ul>\n<li>dans la mesure du possible, nous utilisons d\u00e9j\u00e0 des plasticiques recycl\u00e9s<\/li>\n<li class=\"vc_custom_heading align-left\">produits en bois et en papier de la foresterie \u00e9cologiquement et socialement responsable (certifi\u00e9s FSC<sup>\u00ae<\/sup>\u00a0ou PEFC<sup>\u00ae<\/sup>)<\/li>\n<li>100% carton recycl\u00e9<\/li>\n<\/ul>\n<p>[\/vc_column_text][\/vc_column][\/vc_row]<\/p>\n<\/div>","protected":false},"excerpt":{"rendered":"<p>[vc_row full_width=\u00a0\u00bbstretch_row_content_no_spaces\u00a0\u00bb conditional_render=\u00a0\u00bb%5B%7B%22value_role%22%3A%22administrator%22%7D%5D\u00a0\u00bb css_params=\u00a0\u00bb\u00a0\u00bb css=\u00a0\u00bb.vc_custom_1733151188388{margin-top: -5px !important;}\u00a0\u00bb][vc_column][vc_single_image image=\u00a0\u00bb4809&Prime; img_size=\u00a0\u00bbfull\u00a0\u00bb css=\u00a0\u00bb\u00a0\u00bb css_params=\u00a0\u00bb\u00a0\u00bb][\/vc_column][\/vc_row][vc_row full_width=\u00a0\u00bbstretch_row\u00a0\u00bb css=\u00a0\u00bb.vc_custom_1733394565332{padding-left: 25px !important;}\u00a0\u00bb conditional_render=\u00a0\u00bb%5B%7B%22value_role%22%3A%22administrator%22%7D%5D\u00a0\u00bb css_params=\u00a0\u00bb\u00a0\u00bb][vc_column][vc_custom_heading text=\u00a0\u00bbRecyclage\u00a0\u00bb font_container=\u00a0\u00bbtag:h1|text_align:left\u00a0\u00bb use_theme_fonts=\u00a0\u00bbyes\u00a0\u00bb css=\u00a0\u00bb\u00a0\u00bb css_params=\u00a0\u00bb\u00a0\u00bb][\/vc_column][\/vc_row][vc_row css=\u00a0\u00bb.vc_custom_1733394577651{padding-left: 50px !important;}\u00a0\u00bb conditional_render=\u00a0\u00bb%5B%7B%22value_role%22%3A%22administrator%22%7D%5D\u00a0\u00bb css_params=\u00a0\u00bb\u00a0\u00bb][vc_column][vc_column_text css=\u00a0\u00bb\u00a0\u00bb css_params=\u00a0\u00bb\u00a0\u00bb]Vous pouvez nous retourner nos produits en mati\u00e8re plastique \u00ab tri\u00e9s par sorte et propres \u00bb pour r\u00e9utilisation. Nous ne pouvons reprendre des produits provenant d\u2019autres fabricants. [&hellip;]<\/p>\n","protected":false},"author":1,"featured_media":0,"parent":0,"menu_order":0,"comment_status":"closed","ping_status":"closed","template":"","meta":{"footnotes":""},"class_list":["post-5072","page","type-page","status-publish","hentry"],"aioseo_notices":[],"_links":{"self":[{"href":"https:\/\/www.herbaplastic.ch\/fr\/wp-json\/wp\/v2\/pages\/5072","targetHints":{"allow":["GET"]}}],"collection":[{"href":"https:\/\/www.herbaplastic.ch\/fr\/wp-json\/wp\/v2\/pages"}],"about":[{"href":"https:\/\/www.herbaplastic.ch\/fr\/wp-json\/wp\/v2\/types\/page"}],"author":[{"embeddable":true,"href":"https:\/\/www.herbaplastic.ch\/fr\/wp-json\/wp\/v2\/users\/1"}],"replies":[{"embeddable":true,"href":"https:\/\/www.herbaplastic.ch\/fr\/wp-json\/wp\/v2\/comments?post=5072"}],"version-history":[{"count":6,"href":"https:\/\/www.herbaplastic.ch\/fr\/wp-json\/wp\/v2\/pages\/5072\/revisions"}],"predecessor-version":[{"id":5103,"href":"https:\/\/www.herbaplastic.ch\/fr\/wp-json\/wp\/v2\/pages\/5072\/revisions\/5103"}],"wp:attachment":[{"href":"https:\/\/www.herbaplastic.ch\/fr\/wp-json\/wp\/v2\/media?parent=5072"}],"curies":[{"name":"wp","href":"https:\/\/api.w.org\/{rel}","templated":true}]}}