{"id":5119,"date":"2024-12-06T08:08:49","date_gmt":"2024-12-06T07:08:49","guid":{"rendered":"https:\/\/www.herbaplastic.ch\/coques-pour-blister-emballages-repliable\/"},"modified":"2024-12-06T08:11:39","modified_gmt":"2024-12-06T07:11:39","slug":"coques-pour-blister-emballages-repliable","status":"publish","type":"page","link":"https:\/\/www.herbaplastic.ch\/fr\/coques-pour-blister-emballages-repliable\/","title":{"rendered":"Emballages &#038; Plateaux"},"content":{"rendered":"<div class=\"wpb-content-wrapper\"><p>[vc_row full_width=\u00a0\u00bbstretch_row_content_no_spaces\u00a0\u00bb content_placement=\u00a0\u00bbtop\u00a0\u00bb css=\u00a0\u00bb.vc_custom_1733215389537{margin-top: -5px !important;}\u00a0\u00bb conditional_render=\u00a0\u00bb%5B%7B%22value_role%22%3A%22administrator%22%7D%5D\u00a0\u00bb css_params=\u00a0\u00bb\u00a0\u00bb][vc_column][vc_single_image image=\u00a0\u00bb4811&Prime; img_size=\u00a0\u00bbfull\u00a0\u00bb css=\u00a0\u00bb\u00a0\u00bb css_params=\u00a0\u00bb\u00a0\u00bb][\/vc_column][\/vc_row][vc_row content_placement=\u00a0\u00bbtop\u00a0\u00bb css=\u00a0\u00bb.vc_custom_1733218238580{margin-bottom: 35px !important;padding-left: 25px !important;}\u00a0\u00bb conditional_render=\u00a0\u00bb%5B%7B%22value_role%22%3A%22administrator%22%7D%5D\u00a0\u00bb css_params=\u00a0\u00bb\u00a0\u00bb][vc_column][vc_custom_heading text=\u00a0\u00bbEmballages &#038; Plateaux\u00a0\u00bb font_container=\u00a0\u00bbtag:h1|text_align:left\u00a0\u00bb use_theme_fonts=\u00a0\u00bbyes\u00a0\u00bb css=\u00a0\u00bb\u00a0\u00bb css_params=\u00a0\u00bb\u00a0\u00bb][\/vc_column][\/vc_row][vc_row full_width=\u00a0\u00bbstretch_row\u00a0\u00bb content_placement=\u00a0\u00bbmiddle\u00a0\u00bb conditional_render=\u00a0\u00bb%5B%7B%22value_role%22%3A%22administrator%22%7D%5D\u00a0\u00bb css_params=\u00a0\u00bb\u00a0\u00bb css=\u00a0\u00bb.vc_custom_1733218223796{padding-left: 50px !important;}\u00a0\u00bb][vc_column][vc_custom_heading text=\u00a0\u00bbCoques pour blister &#038; emballages repliable\u00a0\u00bb font_container=\u00a0\u00bbtag:h3|text_align:left\u00a0\u00bb use_theme_fonts=\u00a0\u00bbyes\u00a0\u00bb css=\u00a0\u00bb\u00a0\u00bb css_params=\u00a0\u00bb\u00a0\u00bb][vc_column_text]<\/p>\n<h5 style=\"text-align: left;\">Coques \u00e0 glissi\u00e8re, coques pour blister, coques repliables\u2026<\/h5>\n<p style=\"text-align: left;\">L\u2019emballage repliable en plastique est simple, transparent, respectueux de l\u2019environnement et con\u00e7u sur mesure :<br \/>\nCoque repliable, scellable, \u00e9tui rabattable\u2026<\/p>\n<p>L\u2019emballage peut au besoin \u00eatre scell\u00e9 ou soud\u00e9 (garantie de premi\u00e8re ouverture).<\/p>\n<p>[\/vc_column_text][vc_gallery type=\u00a0\u00bbimage_grid\u00a0\u00bb images=\u00a0\u00bb2632,2634,2636,2640,2644,2646&Prime; css=\u00a0\u00bb\u00a0\u00bb css_params=\u00a0\u00bb\u00a0\u00bb][\/vc_column][\/vc_row][vc_row conditional_render=\u00a0\u00bb%5B%7B%22value_role%22%3A%22administrator%22%7D%5D\u00a0\u00bb css_params=\u00a0\u00bb\u00a0\u00bb css=\u00a0\u00bb.vc_custom_1733215804902{padding-left: 50px !important;}\u00a0\u00bb][vc_column][vc_custom_heading text=\u00a0\u00bbPlateaux &#038; Inserts\u00a0\u00bb font_container=\u00a0\u00bbtag:h3|text_align:left\u00a0\u00bb use_theme_fonts=\u00a0\u00bbyes\u00a0\u00bb css=\u00a0\u00bb\u00a0\u00bb css_params=\u00a0\u00bb\u00a0\u00bb][vc_column_text]<\/p>\n<h5>Plateaux de transport, de manutention ou de calage, plateaux empilables \u2026<\/h5>\n<p>Calages int\u00e9rieurs pour emballage ou coffre:<br \/>\nCes plateaux ou calages simplifient le stockage et le transport des produits tout en assurant leur protection, procurant un gain non n\u00e9gligeable sur les lignes de production automatis\u00e9es de nos clients.[\/vc_column_text][vc_gallery type=\u00a0\u00bbimage_grid\u00a0\u00bb images=\u00a0\u00bb2610,2608,2606,2604,2600,2598&Prime;][\/vc_column][\/vc_row][vc_row full_width=\u00a0\u00bbstretch_row\u00a0\u00bb content_placement=\u00a0\u00bbmiddle\u00a0\u00bb css=\u00a0\u00bb.vc_custom_1733217701241{padding-left: 50px !important;}\u00a0\u00bb conditional_render=\u00a0\u00bb%5B%7B%22value_role%22%3A%22administrator%22%7D%5D\u00a0\u00bb css_params=\u00a0\u00bb\u00a0\u00bb][vc_column][vc_custom_heading text=\u00a0\u00bbSachets pour le libre-service\u00a0\u00bb font_container=\u00a0\u00bbtag:h3|text_align:left\u00a0\u00bb use_theme_fonts=\u00a0\u00bbyes\u00a0\u00bb css=\u00a0\u00bb\u00a0\u00bb css_params=\u00a0\u00bb\u00a0\u00bb][vc_column_text]<\/p>\n<h5 style=\"text-align: left;\">Etuis transparents<\/h5>\n<p style=\"text-align: left;\">Des exigences particuli\u00e8res se posent pour les emballages de libre-service.<br \/>\nEn particulier lorsque ces emballages sont destin\u00e9s \u00e0 contenir des outils coupants tels que des lames de scie, des for\u00eats, des couteaux etc\u2026<br \/>\nAvec protection contre le vol et garantie de recyclage.<\/p>\n<p>[\/vc_column_text][vc_gallery type=\u00a0\u00bbimage_grid\u00a0\u00bb images=\u00a0\u00bb2570,2572,2576,2578,2580,2574&Prime;][\/vc_column][\/vc_row][vc_row content_placement=\u00a0\u00bbmiddle\u00a0\u00bb css=\u00a0\u00bb.vc_custom_1733218489389{padding-left: 50px !important;}\u00a0\u00bb conditional_render=\u00a0\u00bb%5B%7B%22value_role%22%3A%22administrator%22%7D%5D\u00a0\u00bb css_params=\u00a0\u00bb\u00a0\u00bb][vc_column][vc_custom_heading text=\u00a0\u00bbEmballages d\u00e9coup\u00e9s\u00a0\u00bb font_container=\u00a0\u00bbtag:h3|text_align:left\u00a0\u00bb use_theme_fonts=\u00a0\u00bbyes\u00a0\u00bb css=\u00a0\u00bb\u00a0\u00bb css_params=\u00a0\u00bb\u00a0\u00bb][vc_column_text css=\u00a0\u00bb\u00a0\u00bb css_params=\u00a0\u00bb\u00a0\u00bb]<\/p>\n<h5>D\u00e9coupes<\/h5>\n<p>Les emballages d\u00e9coup\u00e9s au format, imprim\u00e9s et livr\u00e9s \u00e0 plat sont d\u2019un montage tr\u00e8s ais\u00e9.<br \/>\nPratiques et simples d\u2019emploi, ils mettent leur contenu en valeur.[\/vc_column_text][vc_gallery type=\u00a0\u00bbimage_grid\u00a0\u00bb images=\u00a0\u00bb2614,2616,2618,2622,2624,2626&Prime; css=\u00a0\u00bb\u00a0\u00bb css_params=\u00a0\u00bb\u00a0\u00bb][\/vc_column][\/vc_row][vc_row full_width=\u00a0\u00bbstretch_row\u00a0\u00bb content_placement=\u00a0\u00bbtop\u00a0\u00bb css=\u00a0\u00bb.vc_custom_1733218933957{padding-left: 50px !important;}\u00a0\u00bb conditional_render=\u00a0\u00bb%5B%7B%22value_role%22%3A%22administrator%22%7D%5D\u00a0\u00bb css_params=\u00a0\u00bb\u00a0\u00bb][vc_column conditional_render=\u00a0\u00bb%5B%7B%22value_role%22%3A%22administrator%22%7D%5D\u00a0\u00bb css_params=\u00a0\u00bb\u00a0\u00bb][vc_custom_heading text=\u00a0\u00bbEmballages sp\u00e9cifiques\u00a0\u00bb font_container=\u00a0\u00bbtag:h3|text_align:left\u00a0\u00bb use_theme_fonts=\u00a0\u00bbyes\u00a0\u00bb css=\u00a0\u00bb\u00a0\u00bb css_params=\u00a0\u00bb\u00a0\u00bb][vc_column_text]<\/p>\n<h5 style=\"text-align: left;\">Le sur-mesure<\/h5>\n<p style=\"text-align: left;\">Des emballages sp\u00e9cifiques pour des appareils de laboratoire, des appareils de mesure, des kits de montage etc\u2026<br \/>\nD\u00e9velopp\u00e9s sp\u00e9cifiquement en vue d\u2019une utilisation pour le point de vente ou pour le stockage.<\/p>\n<p>[\/vc_column_text][vc_gallery type=\u00a0\u00bbimage_grid\u00a0\u00bb images=\u00a0\u00bb2590,2586,2602,2596,2594,2592&Prime;][\/vc_column][\/vc_row][vc_row content_placement=\u00a0\u00bbmiddle\u00a0\u00bb css=\u00a0\u00bb.vc_custom_1733218512191{padding-left: 50px !important;}\u00a0\u00bb conditional_render=\u00a0\u00bb%5B%7B%22value_role%22%3A%22administrator%22%7D%5D\u00a0\u00bb css_params=\u00a0\u00bb\u00a0\u00bb][vc_column][vc_custom_heading text=\u00a0\u00bbEmballages sph\u00e9riques, cubiques ou pyramidaux\u00a0\u00bb font_container=\u00a0\u00bbtag:h3|text_align:left\u00a0\u00bb use_theme_fonts=\u00a0\u00bbyes\u00a0\u00bb css=\u00a0\u00bb\u00a0\u00bb css_params=\u00a0\u00bb\u00a0\u00bb][vc_column_text]<\/p>\n<h5>Des emballages qui accrochent le regard!<\/h5>\n<p style=\"text-align: left;\">Formes sph\u00e9riques, cubiques, pyramidales, possibles \u00e9galement en association plastique et carton.<\/p>\n<p>[\/vc_column_text][vc_gallery type=\u00a0\u00bbimage_grid\u00a0\u00bb images=\u00a0\u00bb2648,2650,2652&Prime;][\/vc_column][\/vc_row][vc_row][vc_column][\/vc_column][\/vc_row]<\/p>\n<\/div>","protected":false},"excerpt":{"rendered":"<p>[vc_row full_width=\u00a0\u00bbstretch_row_content_no_spaces\u00a0\u00bb content_placement=\u00a0\u00bbtop\u00a0\u00bb css=\u00a0\u00bb.vc_custom_1733215389537{margin-top: -5px !important;}\u00a0\u00bb conditional_render=\u00a0\u00bb%5B%7B%22value_role%22%3A%22administrator%22%7D%5D\u00a0\u00bb css_params=\u00a0\u00bb\u00a0\u00bb][vc_column][vc_single_image image=\u00a0\u00bb4811&Prime; img_size=\u00a0\u00bbfull\u00a0\u00bb css=\u00a0\u00bb\u00a0\u00bb css_params=\u00a0\u00bb\u00a0\u00bb][\/vc_column][\/vc_row][vc_row content_placement=\u00a0\u00bbtop\u00a0\u00bb css=\u00a0\u00bb.vc_custom_1733218238580{margin-bottom: 35px !important;padding-left: 25px !important;}\u00a0\u00bb conditional_render=\u00a0\u00bb%5B%7B%22value_role%22%3A%22administrator%22%7D%5D\u00a0\u00bb css_params=\u00a0\u00bb\u00a0\u00bb][vc_column][vc_custom_heading text=\u00a0\u00bbEmballages &#038; Plateaux\u00a0\u00bb font_container=\u00a0\u00bbtag:h1|text_align:left\u00a0\u00bb use_theme_fonts=\u00a0\u00bbyes\u00a0\u00bb css=\u00a0\u00bb\u00a0\u00bb css_params=\u00a0\u00bb\u00a0\u00bb][\/vc_column][\/vc_row][vc_row full_width=\u00a0\u00bbstretch_row\u00a0\u00bb content_placement=\u00a0\u00bbmiddle\u00a0\u00bb conditional_render=\u00a0\u00bb%5B%7B%22value_role%22%3A%22administrator%22%7D%5D\u00a0\u00bb css_params=\u00a0\u00bb\u00a0\u00bb css=\u00a0\u00bb.vc_custom_1733218223796{padding-left: 50px !important;}\u00a0\u00bb][vc_column][vc_custom_heading text=\u00a0\u00bbCoques pour blister &#038; emballages repliable\u00a0\u00bb font_container=\u00a0\u00bbtag:h3|text_align:left\u00a0\u00bb use_theme_fonts=\u00a0\u00bbyes\u00a0\u00bb css=\u00a0\u00bb\u00a0\u00bb css_params=\u00a0\u00bb\u00a0\u00bb][vc_column_text] Coques \u00e0 glissi\u00e8re, coques pour blister, coques repliables\u2026 L\u2019emballage repliable en [&hellip;]<\/p>\n","protected":false},"author":1,"featured_media":0,"parent":0,"menu_order":0,"comment_status":"closed","ping_status":"closed","template":"","meta":{"footnotes":""},"class_list":["post-5119","page","type-page","status-publish","hentry"],"aioseo_notices":[],"_links":{"self":[{"href":"https:\/\/www.herbaplastic.ch\/fr\/wp-json\/wp\/v2\/pages\/5119","targetHints":{"allow":["GET"]}}],"collection":[{"href":"https:\/\/www.herbaplastic.ch\/fr\/wp-json\/wp\/v2\/pages"}],"about":[{"href":"https:\/\/www.herbaplastic.ch\/fr\/wp-json\/wp\/v2\/types\/page"}],"author":[{"embeddable":true,"href":"https:\/\/www.herbaplastic.ch\/fr\/wp-json\/wp\/v2\/users\/1"}],"replies":[{"embeddable":true,"href":"https:\/\/www.herbaplastic.ch\/fr\/wp-json\/wp\/v2\/comments?post=5119"}],"version-history":[{"count":7,"href":"https:\/\/www.herbaplastic.ch\/fr\/wp-json\/wp\/v2\/pages\/5119\/revisions"}],"predecessor-version":[{"id":5126,"href":"https:\/\/www.herbaplastic.ch\/fr\/wp-json\/wp\/v2\/pages\/5119\/revisions\/5126"}],"wp:attachment":[{"href":"https:\/\/www.herbaplastic.ch\/fr\/wp-json\/wp\/v2\/media?parent=5119"}],"curies":[{"name":"wp","href":"https:\/\/api.w.org\/{rel}","templated":true}]}}