{"id":5128,"date":"2024-12-06T08:24:42","date_gmt":"2024-12-06T07:24:42","guid":{"rendered":"https:\/\/www.herbaplastic.ch\/supports-de-vente-pos-2\/"},"modified":"2024-12-06T08:24:43","modified_gmt":"2024-12-06T07:24:43","slug":"supports-de-vente-pos-2","status":"publish","type":"page","link":"https:\/\/www.herbaplastic.ch\/fr\/supports-de-vente-pos-2\/","title":{"rendered":"Supports de vente &#038; Pos"},"content":{"rendered":"<div class=\"wpb-content-wrapper\"><p>[vc_row full_width=\u00a0\u00bbstretch_row_content_no_spaces\u00a0\u00bb css=\u00a0\u00bb.vc_custom_1733219835511{margin-top: -5px !important;}\u00a0\u00bb conditional_render=\u00a0\u00bb%5B%7B%22value_role%22%3A%22administrator%22%7D%5D\u00a0\u00bb css_params=\u00a0\u00bb\u00a0\u00bb][vc_column][vc_single_image image=\u00a0\u00bb4811&Prime; img_size=\u00a0\u00bbfull\u00a0\u00bb css=\u00a0\u00bb\u00a0\u00bb label=\u00a0\u00bb\u00a0\u00bb css_params=\u00a0\u00bb\u00a0\u00bb][\/vc_column][\/vc_row][vc_row][vc_column][vc_custom_heading text=\u00a0\u00bbSupports de vente &#038; Pos\u00a0\u00bb font_container=\u00a0\u00bbtag:h1|text_align:left\u00a0\u00bb use_theme_fonts=\u00a0\u00bbyes\u00a0\u00bb css=\u00a0\u00bb.vc_custom_1733219988008{padding-left: 25px !important;}\u00a0\u00bb css_params=\u00a0\u00bb\u00a0\u00bb][\/vc_column][\/vc_row][vc_row full_width=\u00a0\u00bbstretch_row\u00a0\u00bb content_placement=\u00a0\u00bbmiddle\u00a0\u00bb css=\u00a0\u00bb.vc_custom_1733220060830{padding-left: 50px !important;}\u00a0\u00bb conditional_render=\u00a0\u00bb%5B%7B%22value_role%22%3A%22administrator%22%7D%5D\u00a0\u00bb css_params=\u00a0\u00bb\u00a0\u00bb][vc_column][vc_custom_heading text=\u00a0\u00bbCouvercles de protection, cadres et ch\u00e2ssis de positionnement\u00a0\u00bb font_container=\u00a0\u00bbtag:h3|text_align:left\u00a0\u00bb use_theme_fonts=\u00a0\u00bbyes\u00a0\u00bb css=\u00a0\u00bb.vc_custom_1733220174809{margin-top: 25px !important;}\u00a0\u00bb css_params=\u00a0\u00bb\u00a0\u00bb][vc_column_text]<\/p>\n<p style=\"text-align: left;\">Dispositifs de protection pour appareils divers (claviers, commutateurs, appareillages \u00e9lectriques etc.) et installations<br \/>\n(prises murales ou au sol etc.)<br \/>\nCes capots et dispositifs assurent le positionnement des appareillages et offrent protection et s\u00e9curit\u00e9.<br \/>\nSimples, respectueux de l\u2019environnement, transparents au besoin, ils sont sp\u00e9cifiquement adapt\u00e9s \u00e0 la forme du contenu.<\/p>\n<p>[\/vc_column_text][vc_gallery type=\u00a0\u00bbimage_grid\u00a0\u00bb images=\u00a0\u00bb2558,2560,2562,2564,2566,2568&Prime;][\/vc_column][\/vc_row][vc_row content_placement=\u00a0\u00bbmiddle\u00a0\u00bb css=\u00a0\u00bb.vc_custom_1733220218273{padding-left: 50px !important;}\u00a0\u00bb conditional_render=\u00a0\u00bb%5B%7B%22value_role%22%3A%22administrator%22%7D%5D\u00a0\u00bb css_params=\u00a0\u00bb\u00a0\u00bb][vc_column][vc_custom_heading text=\u00a0\u00bbPr\u00e9sentoirs &#038; supports\u00a0\u00bb font_container=\u00a0\u00bbtag:h3|text_align:left\u00a0\u00bb use_theme_fonts=\u00a0\u00bbyes\u00a0\u00bb css=\u00a0\u00bb\u00a0\u00bb css_params=\u00a0\u00bb\u00a0\u00bb][vc_column_text]<\/p>\n<p style=\"text-align: left;\">\u00abD\u00e9clencheurs d\u2019achat\u00bb et PLV (publicit\u00e9 sur le lieu de vente) par excellence : les supports de pr\u00e9sentation, chevalets de comptoir, porte brochures, pr\u00e9sentoirs rotatifs etc. sont l\u00e9gers, fonctionnels, durables et peu encombrants,ils valorisent parfaitement les produits.<\/p>\n<p>[\/vc_column_text][vc_gallery type=\u00a0\u00bbimage_grid\u00a0\u00bb images=\u00a0\u00bb2538,2540,2542,2552,2554,2546&Prime;][\/vc_column][\/vc_row][vc_row full_width=\u00a0\u00bbstretch_row\u00a0\u00bb css=\u00a0\u00bb.vc_custom_1733220370462{padding-left: 50px !important;}\u00a0\u00bb conditional_render=\u00a0\u00bb%5B%7B%22value_role%22%3A%22administrator%22%7D%5D\u00a0\u00bb css_params=\u00a0\u00bb\u00a0\u00bb][vc_column][vc_custom_heading text=\u00a0\u00bbPorte \u00e9tiquettes pour \u00e9tag\u00e8res, signal\u00e9tique, \u2026\u00a0\u00bb font_container=\u00a0\u00bbtag:h3|text_align:left\u00a0\u00bb use_theme_fonts=\u00a0\u00bbyes\u00a0\u00bb css=\u00a0\u00bb\u00a0\u00bb css_params=\u00a0\u00bb\u00a0\u00bb][vc_column_text]<\/p>\n<p style=\"text-align: left;\">Syst\u00e8mes de pr\u00e9sentation et d\u2019information adapt\u00e9s aux rayonnages et points de vente, dispositifs modulables et rotatifs, stop-rayons et s\u00e9parateurs de caisse\u2026<\/p>\n<p>[\/vc_column_text][vc_gallery type=\u00a0\u00bbimage_grid\u00a0\u00bb images=\u00a0\u00bb2518,2520,2522,2524,2526,2528&Prime;][\/vc_column][\/vc_row]<\/p>\n<\/div>","protected":false},"excerpt":{"rendered":"<p>[vc_row full_width=\u00a0\u00bbstretch_row_content_no_spaces\u00a0\u00bb css=\u00a0\u00bb.vc_custom_1733219835511{margin-top: -5px !important;}\u00a0\u00bb conditional_render=\u00a0\u00bb%5B%7B%22value_role%22%3A%22administrator%22%7D%5D\u00a0\u00bb css_params=\u00a0\u00bb\u00a0\u00bb][vc_column][vc_single_image image=\u00a0\u00bb4811&Prime; img_size=\u00a0\u00bbfull\u00a0\u00bb css=\u00a0\u00bb\u00a0\u00bb label=\u00a0\u00bb\u00a0\u00bb css_params=\u00a0\u00bb\u00a0\u00bb][\/vc_column][\/vc_row][vc_row][vc_column][vc_custom_heading text=\u00a0\u00bbSupports de vente &#038; Pos\u00a0\u00bb font_container=\u00a0\u00bbtag:h1|text_align:left\u00a0\u00bb use_theme_fonts=\u00a0\u00bbyes\u00a0\u00bb css=\u00a0\u00bb.vc_custom_1733219988008{padding-left: 25px !important;}\u00a0\u00bb css_params=\u00a0\u00bb\u00a0\u00bb][\/vc_column][\/vc_row][vc_row full_width=\u00a0\u00bbstretch_row\u00a0\u00bb content_placement=\u00a0\u00bbmiddle\u00a0\u00bb css=\u00a0\u00bb.vc_custom_1733220060830{padding-left: 50px !important;}\u00a0\u00bb conditional_render=\u00a0\u00bb%5B%7B%22value_role%22%3A%22administrator%22%7D%5D\u00a0\u00bb css_params=\u00a0\u00bb\u00a0\u00bb][vc_column][vc_custom_heading text=\u00a0\u00bbCouvercles de protection, cadres et ch\u00e2ssis de positionnement\u00a0\u00bb font_container=\u00a0\u00bbtag:h3|text_align:left\u00a0\u00bb use_theme_fonts=\u00a0\u00bbyes\u00a0\u00bb css=\u00a0\u00bb.vc_custom_1733220174809{margin-top: 25px !important;}\u00a0\u00bb css_params=\u00a0\u00bb\u00a0\u00bb][vc_column_text] Dispositifs de protection pour appareils divers (claviers, commutateurs, appareillages \u00e9lectriques etc.) [&hellip;]<\/p>\n","protected":false},"author":1,"featured_media":0,"parent":0,"menu_order":0,"comment_status":"closed","ping_status":"closed","template":"","meta":{"footnotes":""},"class_list":["post-5128","page","type-page","status-publish","hentry"],"aioseo_notices":[],"_links":{"self":[{"href":"https:\/\/www.herbaplastic.ch\/fr\/wp-json\/wp\/v2\/pages\/5128","targetHints":{"allow":["GET"]}}],"collection":[{"href":"https:\/\/www.herbaplastic.ch\/fr\/wp-json\/wp\/v2\/pages"}],"about":[{"href":"https:\/\/www.herbaplastic.ch\/fr\/wp-json\/wp\/v2\/types\/page"}],"author":[{"embeddable":true,"href":"https:\/\/www.herbaplastic.ch\/fr\/wp-json\/wp\/v2\/users\/1"}],"replies":[{"embeddable":true,"href":"https:\/\/www.herbaplastic.ch\/fr\/wp-json\/wp\/v2\/comments?post=5128"}],"version-history":[{"count":3,"href":"https:\/\/www.herbaplastic.ch\/fr\/wp-json\/wp\/v2\/pages\/5128\/revisions"}],"predecessor-version":[{"id":5131,"href":"https:\/\/www.herbaplastic.ch\/fr\/wp-json\/wp\/v2\/pages\/5128\/revisions\/5131"}],"wp:attachment":[{"href":"https:\/\/www.herbaplastic.ch\/fr\/wp-json\/wp\/v2\/media?parent=5128"}],"curies":[{"name":"wp","href":"https:\/\/api.w.org\/{rel}","templated":true}]}}