{"id":5134,"date":"2024-12-06T08:58:43","date_gmt":"2024-12-06T07:58:43","guid":{"rendered":"https:\/\/www.herbaplastic.ch\/organisation-bureau-2\/"},"modified":"2024-12-06T08:58:45","modified_gmt":"2024-12-06T07:58:45","slug":"organisation-bureau-2","status":"publish","type":"page","link":"https:\/\/www.herbaplastic.ch\/fr\/organisation-bureau-2\/","title":{"rendered":"Organisation &#038; Bureau"},"content":{"rendered":"<div class=\"wpb-content-wrapper\"><p>[vc_row full_width=\u00a0\u00bbstretch_row_content_no_spaces\u00a0\u00bb css=\u00a0\u00bb.vc_custom_1733220690122{margin-top: -5px !important;}\u00a0\u00bb conditional_render=\u00a0\u00bb%5B%7B%22value_role%22%3A%22administrator%22%7D%5D\u00a0\u00bb css_params=\u00a0\u00bb\u00a0\u00bb][vc_column][vc_single_image image=\u00a0\u00bb4811&Prime; img_size=\u00a0\u00bbfull\u00a0\u00bb css=\u00a0\u00bb\u00a0\u00bb label=\u00a0\u00bb\u00a0\u00bb css_params=\u00a0\u00bb\u00a0\u00bb][\/vc_column][\/vc_row][vc_row css=\u00a0\u00bb.vc_custom_1733221583511{padding-left: 25px !important;}\u00a0\u00bb conditional_render=\u00a0\u00bb%5B%7B%22value_role%22%3A%22administrator%22%7D%5D\u00a0\u00bb css_params=\u00a0\u00bb\u00a0\u00bb][vc_column][vc_custom_heading text=\u00a0\u00bbOrganisation &#038; Bureau\u00a0\u00bb font_container=\u00a0\u00bbtag:h1|text_align:left\u00a0\u00bb use_theme_fonts=\u00a0\u00bbyes\u00a0\u00bb css=\u00a0\u00bb\u00a0\u00bb css_params=\u00a0\u00bb\u00a0\u00bb][\/vc_column][\/vc_row][vc_row full_width=\u00a0\u00bbstretch_row\u00a0\u00bb text_align=\u00a0\u00bbleft\u00a0\u00bb css=\u00a0\u00bb.vc_custom_1733220881772{padding-left: 50px !important;}\u00a0\u00bb conditional_render=\u00a0\u00bb%5B%7B%22value_role%22%3A%22administrator%22%7D%5D\u00a0\u00bb css_params=\u00a0\u00bb\u00a0\u00bb][vc_column text_align=\u00a0\u00bbleft\u00a0\u00bb][vc_custom_heading text=\u00a0\u00bbPorte-documents sp\u00e9ciaux\u00a0\u00bb font_container=\u00a0\u00bbtag:h3|text_align:left\u00a0\u00bb use_theme_fonts=\u00a0\u00bbyes\u00a0\u00bb css=\u00a0\u00bb.vc_custom_1733220901520{margin-top: 25px !important;}\u00a0\u00bb css_params=\u00a0\u00bb\u00a0\u00bb][vc_column_text css=\u00a0\u00bb\u00a0\u00bb css_params=\u00a0\u00bb\u00a0\u00bb]<\/p>\n<h5>Les tout-terrainsLes tout-terrains<\/h5>\n<p>Comptant parmi nos propres cr\u00e9ations les plus connues, les porte-documents sp\u00e9ciaux sont pl\u00e9biscit\u00e9s par l\u2019arm\u00e9e, la police et les services de secours.<br \/>\nLeur conception tr\u00e8s aboutie permet une utilisation dans les plus dures conditions!<\/p>\n<p>Maintenant disponible dans la E-boutique <a href=\"https:\/\/shop.mentrex.ch\/k-fr\/etuisdeprotection.aspx\" target=\"_blank\" rel=\"noopener\">www.mentrex.ch<\/a>[\/vc_column_text][vc_gallery type=\u00a0\u00bbimage_grid\u00a0\u00bb images=\u00a0\u00bb2684,2686,2688,2690,2692&Prime; img_size=\u00a0\u00bb\u00a0\u00bb][\/vc_column][\/vc_row][vc_row full_width=\u00a0\u00bbstretch_row\u00a0\u00bb css=\u00a0\u00bb.vc_custom_1733222171897{padding-left: 50px !important;}\u00a0\u00bb conditional_render=\u00a0\u00bb%5B%7B%22value_role%22%3A%22administrator%22%7D%5D\u00a0\u00bb css_params=\u00a0\u00bb\u00a0\u00bb][vc_column][vc_custom_heading text=\u00a0\u00bbPorte-documents &#038; porte-cartes de menu\u00a0\u00bb font_container=\u00a0\u00bbtag:h3|text_align:left\u00a0\u00bb use_theme_fonts=\u00a0\u00bbyes\u00a0\u00bb css=\u00a0\u00bb\u00a0\u00bb css_params=\u00a0\u00bb\u00a0\u00bb][vc_column_text]<\/p>\n<h5 style=\"text-align: left;\">Les exceptionnels<\/h5>\n<p style=\"text-align: left;\">Des porte-documents solides, pratiques et fonctionnels pour tout usage.<br \/>\nAvec des mati\u00e8res sortant de l\u2019ordinaire et de nombreuses possibilit\u00e9s graphiques.[\/vc_column_text][vc_gallery type=\u00a0\u00bbimage_grid\u00a0\u00bb images=\u00a0\u00bb2790,2792,2794,2798,2802,2804&Prime;][\/vc_column][\/vc_row][vc_row full_width=\u00a0\u00bbstretch_row\u00a0\u00bb content_placement=\u00a0\u00bbtop\u00a0\u00bb css=\u00a0\u00bb.vc_custom_1733222282028{padding-left: 50px !important;}\u00a0\u00bb conditional_render=\u00a0\u00bb%5B%7B%22value_role%22%3A%22administrator%22%7D%5D\u00a0\u00bb css_params=\u00a0\u00bb\u00a0\u00bb][vc_column][vc_custom_heading text=\u00a0\u00bbDossier transparents\u00a0\u00bb font_container=\u00a0\u00bbtag:h3|text_align:left\u00a0\u00bb use_theme_fonts=\u00a0\u00bbyes\u00a0\u00bb css=\u00a0\u00bb\u00a0\u00bb css_params=\u00a0\u00bb\u00a0\u00bb][vc_column_text]<\/p>\n<h5>Les incontournables<\/h5>\n<p>Pour tout usage, normalis\u00e9 ou (de pr\u00e9f\u00e9rence) sur mesure. Conception et r\u00e9alisation de dossiers pour diverses utilisations:<br \/>\nDossiers \u00e0 classement rapide, de candidature ou de pr\u00e9sentation, dossiers \u00e0 pince ou \u00e0 \u00e9lastiques, porte-vues\u2026.[\/vc_column_text][vc_gallery type=\u00a0\u00bbimage_grid\u00a0\u00bb images=\u00a0\u00bb2776,2778,2780,2784,2786,2788&Prime;][\/vc_column][\/vc_row][vc_row full_width=\u00a0\u00bbstretch_row\u00a0\u00bb css=\u00a0\u00bb.vc_custom_1733228566163{padding-left: 50px !important;}\u00a0\u00bb conditional_render=\u00a0\u00bb%5B%7B%22value_role%22%3A%22administrator%22%7D%5D\u00a0\u00bb css_params=\u00a0\u00bb\u00a0\u00bb][vc_column][vc_custom_heading text=\u00a0\u00bbValisettes et boites de classement PP\u00a0\u00bb font_container=\u00a0\u00bbtag:h3|text_align:left\u00a0\u00bb use_theme_fonts=\u00a0\u00bbyes\u00a0\u00bb css=\u00a0\u00bb\u00a0\u00bb css_params=\u00a0\u00bb\u00a0\u00bb][vc_column_text]<\/p>\n<h5>Les polyvalents<\/h5>\n<p class=\"berschriftnm1\" style=\"text-align: left;\">Les qualit\u00e9s du polypropyl\u00e8ne (PP) ne sont plus \u00e0 d\u00e9montrer. Les produits les plus divers, r\u00e9alisables par d\u00e9coupe dans cette mati\u00e8re, ont l\u2019avantage de pouvoir \u00eatre livr\u00e9s \u00e0 plat et d\u2019\u00e9conomiser ainsi l\u2019espace de stockage. Leur mise en fonction est tr\u00e8s ais\u00e9e gr\u00e2ce \u00e0 des encliquetages soigneusement \u00e9tudi\u00e9s : bo\u00eetes de classement ou de pr\u00e9sentation, emballages pour bouteilles, chemises \u00e0 rabat etc.<br \/>\nCes produits peuvent \u00eatre imprim\u00e9s selon les souhaits des clients![\/vc_column_text][vc_gallery type=\u00a0\u00bbimage_grid\u00a0\u00bb images=\u00a0\u00bb2746,2748,2750,2756,2758,2754&Prime;][\/vc_column][\/vc_row][vc_row full_width=\u00a0\u00bbstretch_row\u00a0\u00bb content_placement=\u00a0\u00bbmiddle\u00a0\u00bb css=\u00a0\u00bb.vc_custom_1733228636178{padding-left: 50px !important;}\u00a0\u00bb conditional_render=\u00a0\u00bb%5B%7B%22value_role%22%3A%22administrator%22%7D%5D\u00a0\u00bb css_params=\u00a0\u00bb\u00a0\u00bb][vc_column][vc_custom_heading text=\u00a0\u00bbClasseurs\u00a0\u00bb font_container=\u00a0\u00bbtag:h3|text_align:left\u00a0\u00bb use_theme_fonts=\u00a0\u00bbyes\u00a0\u00bb css=\u00a0\u00bb\u00a0\u00bb css_params=\u00a0\u00bb\u00a0\u00bb][vc_column_text]<\/p>\n<h5>Pour chaque format<\/h5>\n<p>Syst\u00e8me de classement individualis\u00e9 et optimal. Le classeur, plastifi\u00e9 ou papier, reste incontournable.<br \/>\nR\u00e9sistant, lavable, \u00e9l\u00e9gant, transparent au besoin, adapt\u00e9 \u00e0 chaque format et d\u2019un design attrayant.[\/vc_column_text][vc_gallery type=\u00a0\u00bbimage_grid\u00a0\u00bb images=\u00a0\u00bb2854,2856,2860,2864,2868,2870&Prime;][\/vc_column][\/vc_row][vc_row full_width=\u00a0\u00bbstretch_row\u00a0\u00bb css=\u00a0\u00bb.vc_custom_1733228783198{padding-left: 50px !important;}\u00a0\u00bb conditional_render=\u00a0\u00bb%5B%7B%22value_role%22%3A%22administrator%22%7D%5D\u00a0\u00bb css_params=\u00a0\u00bb\u00a0\u00bb][vc_column][vc_custom_heading text=\u00a0\u00bbVistasch &#038; accessoires pour la planification\u00a0\u00bb font_container=\u00a0\u00bbtag:h3|text_align:left\u00a0\u00bb use_theme_fonts=\u00a0\u00bbyes\u00a0\u00bb css=\u00a0\u00bb\u00a0\u00bb css_params=\u00a0\u00bb\u00a0\u00bb][vc_column_text css=\u00a0\u00bb\u00a0\u00bb css_params=\u00a0\u00bb\u00a0\u00bb]<\/p>\n<p style=\"text-align: left;\">Toutes les informations en un seul coup d\u2019\u0153il gr\u00e2ce aux syst\u00e8mes modulables et extensibles d\u00e9velopp\u00e9s pour la soci\u00e9t\u00e9 Wagner-Visuell. Des produits aux qualit\u00e9s \u00e9prouv\u00e9es par plusieurs d\u00e9cennies d\u2019usage permanent.<br \/>\nCadres transparents (Vistach) pour un affichage professionnel des informations sur surfaces m\u00e9talliques. Soulever le cadre, ins\u00e9rer le document, le cadre magn\u00e9tique fait le reste ! Disponible pour surfaces m\u00e9talliques ou lisses telles que portes en bois, vitrines etc.<\/p>\n<p style=\"text-align: left;\">Distribution: <a href=\"https:\/\/www.wagner.health\/\" target=\"_blank\" rel=\"noopener noreferrer\">www.wagner.health<\/a><\/p>\n<p>[\/vc_column_text][vc_gallery type=\u00a0\u00bbimage_grid\u00a0\u00bb images=\u00a0\u00bb2716,2718,2720,2722,2724&Prime;][\/vc_column][\/vc_row][vc_row full_width=\u00a0\u00bbstretch_row\u00a0\u00bb css=\u00a0\u00bb.vc_custom_1733229127470{padding-left: 50px !important;}\u00a0\u00bb conditional_render=\u00a0\u00bb%5B%7B%22value_role%22%3A%22administrator%22%7D%5D\u00a0\u00bb css_params=\u00a0\u00bb\u00a0\u00bb][vc_column][vc_custom_heading text=\u00a0\u00bbDossiers d&apos;archivage medical\u00a0\u00bb font_container=\u00a0\u00bbtag:h3|text_align:left\u00a0\u00bb use_theme_fonts=\u00a0\u00bbyes\u00a0\u00bb css=\u00a0\u00bb\u00a0\u00bb css_params=\u00a0\u00bb\u00a0\u00bb][vc_column_text css=\u00a0\u00bb\u00a0\u00bb css_params=\u00a0\u00bb\u00a0\u00bb]<\/p>\n<h5>Les valeurs s\u00fbres<\/h5>\n<p>Dossiers m\u00e9dicaux et d\u2019archivage : ces dossiers sp\u00e9ciaux de grande qualit\u00e9 (disposant d\u2019une garantie !) ont \u00e9t\u00e9 con\u00e7us en \u00e9troite collaboration avec le personnel hospitalier et notre partenaire Wagner-Visuell.<br \/>\nDes produits fonctionnels et r\u00e9sistants, aux qualit\u00e9s \u00e9prouv\u00e9es par un usage quotidien.<\/p>\n<p>Distribution exclusive: <a href=\"https:\/\/www.wagner.health\/\" target=\"_blank\" rel=\"noopener noreferrer\">www.wagner.health<\/a>[\/vc_column_text][vc_gallery type=\u00a0\u00bbimage_grid\u00a0\u00bb images=\u00a0\u00bb2708,2710,2712,2714&Prime;][\/vc_column][\/vc_row][vc_row full_width=\u00a0\u00bbstretch_row\u00a0\u00bb content_placement=\u00a0\u00bbmiddle\u00a0\u00bb css=\u00a0\u00bb.vc_custom_1733229258941{padding-left: 50px !important;}\u00a0\u00bb conditional_render=\u00a0\u00bb%5B%7B%22value_role%22%3A%22administrator%22%7D%5D\u00a0\u00bb css_params=\u00a0\u00bb\u00a0\u00bb][vc_column][vc_custom_heading text=\u00a0\u00bbReglettes\u00a0\u00bb font_container=\u00a0\u00bbtag:h3|text_align:left\u00a0\u00bb use_theme_fonts=\u00a0\u00bbyes\u00a0\u00bb css=\u00a0\u00bb\u00a0\u00bb css_params=\u00a0\u00bb\u00a0\u00bb][vc_column_text]<\/p>\n<h5 style=\"text-align: left;\">Les individuelles<\/h5>\n<p class=\"berschriftnm1\">Nous concevons des r\u00e9glettes de calcul selon les besoins individuels de nos clients: \u00e9valuation de la douleur pour un dosage adapt\u00e9 des soins, r\u00e9glettes d\u2019\u00e9quivalence, disques d\u2019\u00e9valuation m\u00e9dicale, \u00e9chelles de contr\u00f4le\u2026<br \/>\nDes produits sp\u00e9cifiquement adapt\u00e9s gr\u00e2ce \u00e0 nos multiples possibilit\u00e9s d\u2019impression.[\/vc_column_text][vc_gallery type=\u00a0\u00bbimage_grid\u00a0\u00bb images=\u00a0\u00bb2706,2704,2700,2698,2696,2694&Prime;][\/vc_column][\/vc_row][vc_row full_width=\u00a0\u00bbstretch_row\u00a0\u00bb css=\u00a0\u00bb.vc_custom_1733229430669{padding-left: 50px !important;}\u00a0\u00bb conditional_render=\u00a0\u00bb%5B%7B%22value_role%22%3A%22administrator%22%7D%5D\u00a0\u00bb css_params=\u00a0\u00bb\u00a0\u00bb][vc_column][vc_custom_heading text=\u00a0\u00bbRepertoires\u00a0\u00bb font_container=\u00a0\u00bbtag:h3|text_align:left\u00a0\u00bb use_theme_fonts=\u00a0\u00bbyes\u00a0\u00bb css=\u00a0\u00bb\u00a0\u00bb css_params=\u00a0\u00bb\u00a0\u00bb][vc_column_text]<\/p>\n<h5>Du sur-mesure<\/h5>\n<p>R\u00e9pertoires sur-mesure, du nombre de pages \u00e0 l\u2019impression, en mati\u00e8re plastique transparente ou non, tr\u00e8s r\u00e9sistants pour un usage quotidien.[\/vc_column_text][vc_gallery type=\u00a0\u00bbimage_grid\u00a0\u00bb images=\u00a0\u00bb2742,2744,2740,2738,2736&Prime;][\/vc_column][\/vc_row][vc_row full_width=\u00a0\u00bbstretch_row\u00a0\u00bb css=\u00a0\u00bb.vc_custom_1733229560036{padding-left: 50px !important;}\u00a0\u00bb conditional_render=\u00a0\u00bb%5B%7B%22value_role%22%3A%22administrator%22%7D%5D\u00a0\u00bb css_params=\u00a0\u00bb\u00a0\u00bb][vc_column][vc_custom_heading text=\u00a0\u00bbTapis de souris et sous-mains\u00a0\u00bb font_container=\u00a0\u00bbtag:h3|text_align:left\u00a0\u00bb use_theme_fonts=\u00a0\u00bbyes\u00a0\u00bb css=\u00a0\u00bb\u00a0\u00bb css_params=\u00a0\u00bb\u00a0\u00bb][vc_column_text]<\/p>\n<p style=\"text-align: left;\">Le tapis de souris est un article publicitaire id\u00e9al. Rond, ovale, carr\u00e9, antid\u00e9rapant, \u00e9pais ou fin. En tous les cas pratique, utile et parfait en tant que support graphique!<br \/>\nSous-mains et sets de table de toutes sortes pour un effet garanti. Transparents, imprim\u00e9s, avec d\u00e9coupes, cartes g\u00e9ographiques ou pochettes pour photos.<\/p>\n<p class=\"berschriftnm1\" style=\"text-align: left;\">Des produits personnalisables aux souhaits et au graphisme du client!<\/p>\n<p>[\/vc_column_text][vc_gallery type=\u00a0\u00bbimage_grid\u00a0\u00bb images=\u00a0\u00bb2812,2810,2808,2774,2772,2768&Prime;][\/vc_column][\/vc_row][vc_row full_width=\u00a0\u00bbstretch_row\u00a0\u00bb css=\u00a0\u00bb.vc_custom_1733229704268{padding-left: 50px !important;}\u00a0\u00bb conditional_render=\u00a0\u00bb%5B%7B%22value_role%22%3A%22administrator%22%7D%5D\u00a0\u00bb css_params=\u00a0\u00bb\u00a0\u00bb][vc_column][vc_custom_heading text=\u00a0\u00bbCalendrier chevalet\u00a0\u00bb font_container=\u00a0\u00bbtag:h3|text_align:left\u00a0\u00bb use_theme_fonts=\u00a0\u00bbyes\u00a0\u00bb css=\u00a0\u00bb\u00a0\u00bb css_params=\u00a0\u00bb\u00a0\u00bb][vc_column_text]<\/p>\n<h5>Le compagnon de tous les jours<\/h5>\n<p>Toujours d\u2019actualit\u00e9, m\u00eame \u00e0 l\u2019heure du tout num\u00e9rique :<br \/>\nLe bon vieux calendrier chevalet, stable et lisible, solide et pratique. Le support id\u00e9al pour promouvoir une marque en permanence.[\/vc_column_text][vc_gallery type=\u00a0\u00bbimage_grid\u00a0\u00bb images=\u00a0\u00bb2734,2732,2730,2728,2726&Prime;][\/vc_column][\/vc_row]<\/p>\n<\/div>","protected":false},"excerpt":{"rendered":"<p>[vc_row full_width=\u00a0\u00bbstretch_row_content_no_spaces\u00a0\u00bb css=\u00a0\u00bb.vc_custom_1733220690122{margin-top: -5px !important;}\u00a0\u00bb conditional_render=\u00a0\u00bb%5B%7B%22value_role%22%3A%22administrator%22%7D%5D\u00a0\u00bb css_params=\u00a0\u00bb\u00a0\u00bb][vc_column][vc_single_image image=\u00a0\u00bb4811&Prime; img_size=\u00a0\u00bbfull\u00a0\u00bb css=\u00a0\u00bb\u00a0\u00bb label=\u00a0\u00bb\u00a0\u00bb css_params=\u00a0\u00bb\u00a0\u00bb][\/vc_column][\/vc_row][vc_row css=\u00a0\u00bb.vc_custom_1733221583511{padding-left: 25px !important;}\u00a0\u00bb conditional_render=\u00a0\u00bb%5B%7B%22value_role%22%3A%22administrator%22%7D%5D\u00a0\u00bb css_params=\u00a0\u00bb\u00a0\u00bb][vc_column][vc_custom_heading text=\u00a0\u00bbOrganisation &#038; Bureau\u00a0\u00bb font_container=\u00a0\u00bbtag:h1|text_align:left\u00a0\u00bb use_theme_fonts=\u00a0\u00bbyes\u00a0\u00bb css=\u00a0\u00bb\u00a0\u00bb css_params=\u00a0\u00bb\u00a0\u00bb][\/vc_column][\/vc_row][vc_row full_width=\u00a0\u00bbstretch_row\u00a0\u00bb text_align=\u00a0\u00bbleft\u00a0\u00bb css=\u00a0\u00bb.vc_custom_1733220881772{padding-left: 50px !important;}\u00a0\u00bb conditional_render=\u00a0\u00bb%5B%7B%22value_role%22%3A%22administrator%22%7D%5D\u00a0\u00bb css_params=\u00a0\u00bb\u00a0\u00bb][vc_column text_align=\u00a0\u00bbleft\u00a0\u00bb][vc_custom_heading text=\u00a0\u00bbPorte-documents sp\u00e9ciaux\u00a0\u00bb font_container=\u00a0\u00bbtag:h3|text_align:left\u00a0\u00bb use_theme_fonts=\u00a0\u00bbyes\u00a0\u00bb css=\u00a0\u00bb.vc_custom_1733220901520{margin-top: 25px !important;}\u00a0\u00bb css_params=\u00a0\u00bb\u00a0\u00bb][vc_column_text css=\u00a0\u00bb\u00a0\u00bb css_params=\u00a0\u00bb\u00a0\u00bb] Les tout-terrainsLes tout-terrains Comptant parmi nos propres cr\u00e9ations les plus connues, les porte-documents [&hellip;]<\/p>\n","protected":false},"author":1,"featured_media":0,"parent":0,"menu_order":0,"comment_status":"closed","ping_status":"closed","template":"","meta":{"footnotes":""},"class_list":["post-5134","page","type-page","status-publish","hentry"],"aioseo_notices":[],"_links":{"self":[{"href":"https:\/\/www.herbaplastic.ch\/fr\/wp-json\/wp\/v2\/pages\/5134","targetHints":{"allow":["GET"]}}],"collection":[{"href":"https:\/\/www.herbaplastic.ch\/fr\/wp-json\/wp\/v2\/pages"}],"about":[{"href":"https:\/\/www.herbaplastic.ch\/fr\/wp-json\/wp\/v2\/types\/page"}],"author":[{"embeddable":true,"href":"https:\/\/www.herbaplastic.ch\/fr\/wp-json\/wp\/v2\/users\/1"}],"replies":[{"embeddable":true,"href":"https:\/\/www.herbaplastic.ch\/fr\/wp-json\/wp\/v2\/comments?post=5134"}],"version-history":[{"count":3,"href":"https:\/\/www.herbaplastic.ch\/fr\/wp-json\/wp\/v2\/pages\/5134\/revisions"}],"predecessor-version":[{"id":5137,"href":"https:\/\/www.herbaplastic.ch\/fr\/wp-json\/wp\/v2\/pages\/5134\/revisions\/5137"}],"wp:attachment":[{"href":"https:\/\/www.herbaplastic.ch\/fr\/wp-json\/wp\/v2\/media?parent=5134"}],"curies":[{"name":"wp","href":"https:\/\/api.w.org\/{rel}","templated":true}]}}