{"id":5139,"date":"2024-12-06T10:19:18","date_gmt":"2024-12-06T09:19:18","guid":{"rendered":"https:\/\/www.herbaplastic.ch\/etuis-divers-2\/"},"modified":"2024-12-06T10:19:19","modified_gmt":"2024-12-06T09:19:19","slug":"etuis-divers-2","status":"publish","type":"page","link":"https:\/\/www.herbaplastic.ch\/fr\/etuis-divers-2\/","title":{"rendered":"Etuis divers"},"content":{"rendered":"<div class=\"wpb-content-wrapper\"><p>[vc_row full_width=\u00a0\u00bbstretch_row_content_no_spaces\u00a0\u00bb css=\u00a0\u00bb.vc_custom_1733230258542{margin-top: -5px !important;}\u00a0\u00bb conditional_render=\u00a0\u00bb%5B%7B%22value_role%22%3A%22administrator%22%7D%5D\u00a0\u00bb css_params=\u00a0\u00bb\u00a0\u00bb][vc_column][vc_single_image image=\u00a0\u00bb4811&Prime; img_size=\u00a0\u00bbfull\u00a0\u00bb css=\u00a0\u00bb\u00a0\u00bb label=\u00a0\u00bb\u00a0\u00bb css_params=\u00a0\u00bb\u00a0\u00bb][\/vc_column][\/vc_row][vc_row full_width=\u00a0\u00bbstretch_row\u00a0\u00bb css=\u00a0\u00bb.vc_custom_1733230580803{margin-bottom: 35px !important;}\u00a0\u00bb conditional_render=\u00a0\u00bb%5B%7B%22value_role%22%3A%22administrator%22%7D%5D\u00a0\u00bb css_params=\u00a0\u00bb\u00a0\u00bb][vc_column][vc_custom_heading text=\u00a0\u00bbEtuis divers\u00a0\u00bb font_container=\u00a0\u00bbtag:h1|text_align:left\u00a0\u00bb use_theme_fonts=\u00a0\u00bbyes\u00a0\u00bb css=\u00a0\u00bb.vc_custom_1733230391199{padding-left: 25px !important;}\u00a0\u00bb css_params=\u00a0\u00bb\u00a0\u00bb][\/vc_column][\/vc_row][vc_row full_width=\u00a0\u00bbstretch_row\u00a0\u00bb css=\u00a0\u00bb.vc_custom_1733230466518{padding-left: 50px !important;}\u00a0\u00bb conditional_render=\u00a0\u00bb%5B%7B%22value_role%22%3A%22administrator%22%7D%5D\u00a0\u00bb css_params=\u00a0\u00bb\u00a0\u00bb][vc_column][vc_custom_heading text=\u00a0\u00bbFourres \/ pochettes\u00a0\u00bb font_container=\u00a0\u00bbtag:h3|text_align:left\u00a0\u00bb use_theme_fonts=\u00a0\u00bbyes\u00a0\u00bb css=\u00a0\u00bb\u00a0\u00bb css_params=\u00a0\u00bb\u00a0\u00bb][vc_column_text]<\/p>\n<h5>Protection des documents<\/h5>\n<p>Assortiment standard ou solutions individuelles :<br \/>\nFourres en mati\u00e8re transparentes cristal ou non r\u00e9fl\u00e9chissantes.<br \/>\nDossiers pour polices d\u2019assurances, \u00e9tuis pour tickets de loto, pochettes sp\u00e9ciales, solutions combin\u00e9es papier-plastique.<br \/>\nAvec impression offset, flexo, en s\u00e9rigraphie ou par gaufrage.[\/vc_column_text][vc_gallery type=\u00a0\u00bbimage_grid\u00a0\u00bb images=\u00a0\u00bb2942,2940,2936,2928,2926,2924&Prime;][\/vc_column][\/vc_row][vc_row full_width=\u00a0\u00bbstretch_row\u00a0\u00bb css=\u00a0\u00bb.vc_custom_1733230660731{padding-left: 50px !important;}\u00a0\u00bb conditional_render=\u00a0\u00bb%5B%7B%22value_role%22%3A%22administrator%22%7D%5D\u00a0\u00bb css_params=\u00a0\u00bb\u00a0\u00bb][vc_column][vc_custom_heading text=\u00a0\u00bbEtuis simples ou \u00e0 plusieurs volets\u00a0\u00bb font_container=\u00a0\u00bbtag:h3|text_align:left\u00a0\u00bb use_theme_fonts=\u00a0\u00bbyes\u00a0\u00bb css=\u00a0\u00bb\u00a0\u00bb css_params=\u00a0\u00bb\u00a0\u00bb][vc_column_text]<br \/>\nDes \u00e9tuis pour diff\u00e9rents usages, \u00e9galement disponibles en autocollant :<br \/>\nPour documents automobiles, administratifs, feuilles de suivi en atelier, CD, billets de transport, monnaies etc.<br \/>\nTous formats DIN en stock, en polypropyl\u00e8ne ou PVC.<br \/>\nLes possibilit\u00e9s de ces articles sont litt\u00e9ralement illimit\u00e9es![\/vc_column_text][vc_gallery type=\u00a0\u00bbimage_grid\u00a0\u00bb images=\u00a0\u00bb2670,2672,2674,2676,2678,2682&Prime;][\/vc_column][\/vc_row][vc_row full_width=\u00a0\u00bbstretch_row\u00a0\u00bb css=\u00a0\u00bb.vc_custom_1733230746683{padding-left: 50px !important;}\u00a0\u00bb conditional_render=\u00a0\u00bb%5B%7B%22value_role%22%3A%22administrator%22%7D%5D\u00a0\u00bb css_params=\u00a0\u00bb\u00a0\u00bb][vc_column][vc_custom_heading text=\u00a0\u00bbEtuis pour papiers d&apos;identit\u00e9\u00a0\u00bb font_container=\u00a0\u00bbtag:h3|text_align:left\u00a0\u00bb use_theme_fonts=\u00a0\u00bbyes\u00a0\u00bb css=\u00a0\u00bb\u00a0\u00bb css_params=\u00a0\u00bb\u00a0\u00bb][vc_column_text]<\/p>\n<h5>Protection assur\u00e9e<\/h5>\n<p>Des \u00e9tuis de protection adapt\u00e9s \u00e0 chaque usage :<br \/>\n\u00c9tuis simples ou \u00e0 plusieurs volets, n\u2019alt\u00e9rant pas les documents, transparents ou non, avec ou sans impression, poches int\u00e9rieures, encoches de prise etc.[\/vc_column_text][vc_gallery type=\u00a0\u00bbimage_grid\u00a0\u00bb images=\u00a0\u00bb2952,2956,2958,2960,2948,2944&Prime;][\/vc_column][\/vc_row][vc_row full_width=\u00a0\u00bbstretch_row\u00a0\u00bb css=\u00a0\u00bb.vc_custom_1733230835840{padding-left: 50px !important;}\u00a0\u00bb conditional_render=\u00a0\u00bb%5B%7B%22value_role%22%3A%22administrator%22%7D%5D\u00a0\u00bb css_params=\u00a0\u00bb\u00a0\u00bb][vc_column][vc_custom_heading text=\u00a0\u00bbEtuis sp\u00e9ciaux\u00a0\u00bb font_container=\u00a0\u00bbtag:h3|text_align:left\u00a0\u00bb use_theme_fonts=\u00a0\u00bbyes\u00a0\u00bb css=\u00a0\u00bb\u00a0\u00bb css_params=\u00a0\u00bb\u00a0\u00bb][vc_column_text]<\/p>\n<h5 style=\"text-align: left;\">Pour tous les cas de figure<\/h5>\n<p style=\"text-align: left;\">D\u00e9veloppement et r\u00e9alisation d\u2019\u00e9tuis en mati\u00e8re plastique pour les buts les plus divers :<br \/>\nHousses de protection, \u00e9tuis pour livrets automobiles, administratifs, feuilles de suivi en atelier, CD, billets de transport, porte-\u00e9tiquettes pour valises etc.<\/p>\n<p>[\/vc_column_text][vc_gallery type=\u00a0\u00bbimage_grid\u00a0\u00bb images=\u00a0\u00bb2904,2908,2910,2916,2920,2914&Prime;][\/vc_column][\/vc_row][vc_row full_width=\u00a0\u00bbstretch_row\u00a0\u00bb css=\u00a0\u00bb.vc_custom_1733230944227{padding-left: 50px !important;}\u00a0\u00bb conditional_render=\u00a0\u00bb%5B%7B%22value_role%22%3A%22administrator%22%7D%5D\u00a0\u00bb css_params=\u00a0\u00bb\u00a0\u00bb][vc_column][vc_custom_heading text=\u00a0\u00bbLivrets pour certificats scolaires\u00a0\u00bb font_container=\u00a0\u00bbtag:h3|text_align:left\u00a0\u00bb use_theme_fonts=\u00a0\u00bbyes\u00a0\u00bb css=\u00a0\u00bb\u00a0\u00bb css_params=\u00a0\u00bb\u00a0\u00bb][vc_column_text]<\/p>\n<h5 style=\"text-align: left;\">Des livrets en polypropyl\u00e8ne respectueux de l\u2019environnement.<\/h5>\n<p style=\"text-align: left;\">Un produit adaptable individuellement par:<\/p>\n<ul style=\"text-align: right;\">\n<li style=\"text-align: left;\">Le nombre de pochettes<\/li>\n<li style=\"text-align: left;\">Le format<\/li>\n<li style=\"text-align: left;\">La couverture, mati\u00e8re, impression, d\u00e9coupes\u2026<\/li>\n<li style=\"text-align: left;\">etc.<\/li>\n<\/ul>\n<p style=\"text-align: left;\">De plus, les couvertures et couvertures de certificat peuvent \u00eatre imprim\u00e9es individuellement.<\/p>\n<p>[\/vc_column_text][vc_gallery type=\u00a0\u00bbimage_grid\u00a0\u00bb images=\u00a0\u00bb2892,2894,2896,2898,2900,2902&Prime;][\/vc_column][\/vc_row][vc_row full_width=\u00a0\u00bbstretch_row\u00a0\u00bb css=\u00a0\u00bb.vc_custom_1733231090196{padding-left: 50px !important;}\u00a0\u00bb conditional_render=\u00a0\u00bb%5B%7B%22value_role%22%3A%22administrator%22%7D%5D\u00a0\u00bb css_params=\u00a0\u00bb\u00a0\u00bb][vc_column][vc_custom_heading text=\u00a0\u00bbEtuis et bo\u00eetes pour jeux de cartes\u00a0\u00bb font_container=\u00a0\u00bbtag:h3|text_align:left\u00a0\u00bb use_theme_fonts=\u00a0\u00bbyes\u00a0\u00bb css=\u00a0\u00bb\u00a0\u00bb css_params=\u00a0\u00bb\u00a0\u00bb][vc_column_text]<\/p>\n<h5 style=\"text-align: left;\">YuGiOh!<\/h5>\n<p class=\"berschriftnm1\">Des albums et des bo\u00eetes cr\u00e9\u00e9s sp\u00e9cifiquement pour collectionner et transporter les cartes de jeu YuGiOh!<\/p>\n<p>[\/vc_column_text][vc_gallery type=\u00a0\u00bbimage_grid\u00a0\u00bb images=\u00a0\u00bb2872,2874,2876,2884,2886,2880&Prime;][\/vc_column][\/vc_row]<\/p>\n<\/div>","protected":false},"excerpt":{"rendered":"<p>[vc_row full_width=\u00a0\u00bbstretch_row_content_no_spaces\u00a0\u00bb css=\u00a0\u00bb.vc_custom_1733230258542{margin-top: -5px !important;}\u00a0\u00bb conditional_render=\u00a0\u00bb%5B%7B%22value_role%22%3A%22administrator%22%7D%5D\u00a0\u00bb css_params=\u00a0\u00bb\u00a0\u00bb][vc_column][vc_single_image image=\u00a0\u00bb4811&Prime; img_size=\u00a0\u00bbfull\u00a0\u00bb css=\u00a0\u00bb\u00a0\u00bb label=\u00a0\u00bb\u00a0\u00bb css_params=\u00a0\u00bb\u00a0\u00bb][\/vc_column][\/vc_row][vc_row full_width=\u00a0\u00bbstretch_row\u00a0\u00bb css=\u00a0\u00bb.vc_custom_1733230580803{margin-bottom: 35px !important;}\u00a0\u00bb conditional_render=\u00a0\u00bb%5B%7B%22value_role%22%3A%22administrator%22%7D%5D\u00a0\u00bb css_params=\u00a0\u00bb\u00a0\u00bb][vc_column][vc_custom_heading text=\u00a0\u00bbEtuis divers\u00a0\u00bb font_container=\u00a0\u00bbtag:h1|text_align:left\u00a0\u00bb use_theme_fonts=\u00a0\u00bbyes\u00a0\u00bb css=\u00a0\u00bb.vc_custom_1733230391199{padding-left: 25px !important;}\u00a0\u00bb css_params=\u00a0\u00bb\u00a0\u00bb][\/vc_column][\/vc_row][vc_row full_width=\u00a0\u00bbstretch_row\u00a0\u00bb css=\u00a0\u00bb.vc_custom_1733230466518{padding-left: 50px !important;}\u00a0\u00bb conditional_render=\u00a0\u00bb%5B%7B%22value_role%22%3A%22administrator%22%7D%5D\u00a0\u00bb css_params=\u00a0\u00bb\u00a0\u00bb][vc_column][vc_custom_heading text=\u00a0\u00bbFourres \/ pochettes\u00a0\u00bb font_container=\u00a0\u00bbtag:h3|text_align:left\u00a0\u00bb use_theme_fonts=\u00a0\u00bbyes\u00a0\u00bb css=\u00a0\u00bb\u00a0\u00bb css_params=\u00a0\u00bb\u00a0\u00bb][vc_column_text] Protection des documents Assortiment standard ou solutions individuelles : Fourres en mati\u00e8re transparentes cristal ou non [&hellip;]<\/p>\n","protected":false},"author":1,"featured_media":0,"parent":0,"menu_order":0,"comment_status":"closed","ping_status":"closed","template":"","meta":{"footnotes":""},"class_list":["post-5139","page","type-page","status-publish","hentry"],"aioseo_notices":[],"_links":{"self":[{"href":"https:\/\/www.herbaplastic.ch\/fr\/wp-json\/wp\/v2\/pages\/5139","targetHints":{"allow":["GET"]}}],"collection":[{"href":"https:\/\/www.herbaplastic.ch\/fr\/wp-json\/wp\/v2\/pages"}],"about":[{"href":"https:\/\/www.herbaplastic.ch\/fr\/wp-json\/wp\/v2\/types\/page"}],"author":[{"embeddable":true,"href":"https:\/\/www.herbaplastic.ch\/fr\/wp-json\/wp\/v2\/users\/1"}],"replies":[{"embeddable":true,"href":"https:\/\/www.herbaplastic.ch\/fr\/wp-json\/wp\/v2\/comments?post=5139"}],"version-history":[{"count":3,"href":"https:\/\/www.herbaplastic.ch\/fr\/wp-json\/wp\/v2\/pages\/5139\/revisions"}],"predecessor-version":[{"id":5142,"href":"https:\/\/www.herbaplastic.ch\/fr\/wp-json\/wp\/v2\/pages\/5139\/revisions\/5142"}],"wp:attachment":[{"href":"https:\/\/www.herbaplastic.ch\/fr\/wp-json\/wp\/v2\/media?parent=5139"}],"curies":[{"name":"wp","href":"https:\/\/api.w.org\/{rel}","templated":true}]}}